{"id":12028,"date":"2020-01-21T12:43:18","date_gmt":"2020-01-21T11:43:18","guid":{"rendered":"https:\/\/www.aretis.ch\/?page_id=12028"},"modified":"2020-01-21T12:43:18","modified_gmt":"2020-01-21T11:43:18","slug":"3-columns-current-references","status":"publish","type":"page","link":"https:\/\/shiatsu-tcm-holenstein.ch\/en\/3-spalten-aktuelle-referenzen\/","title":{"rendered":"3 columns Current references"},"content":{"rendered":"<div id='av_section_1'  class='avia-section av-1ircvfo-13fbfcc5d71d714890a2f09ac5994a09 main_color avia-section-large avia-no-border-styling  avia-builder-el-0  avia-builder-el-no-sibling  avia-bg-style-scroll container_wrap sidebar_left'  ><div class='container av-section-cont-open' ><main  class='template-page content  av-content-small units'><div class='post-entry post-entry-type-page post-entry-12028'><div class='entry-content-wrapper clearfix'>\n\n<style type=\"text\/css\" data-created_by=\"avia_inline_auto\" id=\"style-css-av-k5nuvzvg-a2bc658169196f3984acde1bac8ccc37\">\n#top .av-special-heading.av-k5nuvzvg-a2bc658169196f3984acde1bac8ccc37{\npadding-bottom:30px;\n}\nbody .av-special-heading.av-k5nuvzvg-a2bc658169196f3984acde1bac8ccc37 .av-special-heading-tag .heading-char{\nfont-size:25px;\n}\n.av-special-heading.av-k5nuvzvg-a2bc658169196f3984acde1bac8ccc37 .av-subheading{\nfont-size:30px;\n}\n<\/style>\n<div  class='av-special-heading av-k5nuvzvg-a2bc658169196f3984acde1bac8ccc37 av-special-heading-h5 blockquote modern-quote modern-centered  avia-builder-el-1  el_before_av_hr  avia-builder-el-first'><div class='av-subheading av-subheading_above'><p>aretis customers<\/p>\n<\/div><h5 class='av-special-heading-tag'  >Current references and projects<\/h5><div class=\"special-heading-border\"><div class=\"special-heading-inner-border\"><\/div><\/div><\/div>\n<div  class='hr av-1mv6dic-72b8f5608939caaef18190b39024af20 hr-short  avia-builder-el-2  el_after_av_heading  el_before_av_one_third  hr-center'><span class='hr-inner'><span class=\"hr-inner-style\"><\/span><\/span><\/div>\n\n<style type=\"text\/css\" data-created_by=\"avia_inline_auto\" id=\"style-css-av-1h7truc-7d32bbdca8f0e645ea9921aeee67256d\">\n.flex_column.av-1h7truc-7d32bbdca8f0e645ea9921aeee67256d{\nborder-radius:0px 0px 0px 0px;\npadding:0px 0px 0px 0px;\n}\n<\/style>\n<div  class='flex_column av-1h7truc-7d32bbdca8f0e645ea9921aeee67256d av_one_third  avia-builder-el-3  el_after_av_hr  el_before_av_one_third  first av-break-at-tablet flex_column_div av-animated-generic top-to-bottom av-zero-column-padding'     ><p>\n<style type=\"text\/css\" data-created_by=\"avia_inline_auto\" id=\"style-css-av-1gowm8k-1b9ffec33cd77b1bbf360ad18d115d98\">\n.avia-image-container.av-1gowm8k-1b9ffec33cd77b1bbf360ad18d115d98 img.avia_image{\nbox-shadow:none;\n}\n.avia-image-container.av-1gowm8k-1b9ffec33cd77b1bbf360ad18d115d98 .av-image-caption-overlay-center{\ncolor:#ffffff;\nfont-size:22px;\n}\n<\/style>\n<div  class='avia-image-container av-1gowm8k-1b9ffec33cd77b1bbf360ad18d115d98 av-styling- avia-align-center  avia-builder-el-4  el_before_av_heading  avia-builder-el-first'  ><div class=\"avia-image-container-inner\"><div class=\"avia-image-overlay-wrap\"><img decoding=\"async\" fetchpriority=\"high\" class='wp-image- avia-img-lazy-loading-not- avia_image' src=\"https:\/\/www.aretis.ch\/wp-content\/uploads\/referenz_chirurgie_biel-1.jpg\" alt='' title=''   \/><\/div><\/div><\/div><br \/>\n\n<style type=\"text\/css\" data-created_by=\"avia_inline_auto\" id=\"style-css-av-av_heading-6b5e68f82c6229ce138f75188cebd016\">\n#top .av-special-heading.av-av_heading-6b5e68f82c6229ce138f75188cebd016{\npadding-bottom:10px;\n}\nbody .av-special-heading.av-av_heading-6b5e68f82c6229ce138f75188cebd016 .av-special-heading-tag .heading-char{\nfont-size:25px;\n}\n.av-special-heading.av-av_heading-6b5e68f82c6229ce138f75188cebd016 .av-subheading{\nfont-size:15px;\n}\n<\/style>\n<div  class='av-special-heading av-av_heading-6b5e68f82c6229ce138f75188cebd016 av-special-heading-h3  avia-builder-el-5  el_after_av_image  el_before_av_textblock'><h3 class='av-special-heading-tag'  >MediSpine<\/h3><div class=\"special-heading-border\"><div class=\"special-heading-inner-border\"><\/div><\/div><\/div><br \/>\n<section  class='av_textblock_section av-2cmysms-a60f3b8d2e3f0a2fa4986661948dd203'  ><div class='avia_textblock' ><ul>\n<li>Spine Center Biel Seeland<\/li>\n<li>Orthopedics and surgery<\/li>\n<li><a href=\"http:\/\/www.medispine.ch\" target=\"_blank\" rel=\"noopener noreferrer\">www.medispine.ch<\/a><\/li>\n<\/ul>\n<\/div><\/section><\/p><\/div>\n<style type=\"text\/css\" data-created_by=\"avia_inline_auto\" id=\"style-css-av-1cp8i90-620d36433f7d48e85ab3d0b1ada8d5ea\">\n.flex_column.av-1cp8i90-620d36433f7d48e85ab3d0b1ada8d5ea{\nborder-radius:0px 0px 0px 0px;\npadding:0px 0px 0px 0px;\n}\n<\/style>\n<div  class='flex_column av-1cp8i90-620d36433f7d48e85ab3d0b1ada8d5ea av_one_third  avia-builder-el-7  el_after_av_one_third  el_before_av_one_third  av-break-at-tablet flex_column_div av-animated-generic top-to-bottom av-zero-column-padding'     ><p>\n<style type=\"text\/css\" data-created_by=\"avia_inline_auto\" id=\"style-css-av-1auvj5w-e207940f106f6be4aa817d1cfde7bbf6\">\n.avia-image-container.av-1auvj5w-e207940f106f6be4aa817d1cfde7bbf6 img.avia_image{\nbox-shadow:none;\n}\n.avia-image-container.av-1auvj5w-e207940f106f6be4aa817d1cfde7bbf6 .av-image-caption-overlay-center{\ncolor:#ffffff;\n}\n<\/style>\n<div  class='avia-image-container av-1auvj5w-e207940f106f6be4aa817d1cfde7bbf6 av-styling- avia-align-center  avia-builder-el-8  el_before_av_heading  avia-builder-el-first'  ><div class=\"avia-image-container-inner\"><div class=\"avia-image-overlay-wrap\"><img decoding=\"async\" fetchpriority=\"high\" class='wp-image- avia-img-lazy-loading-not- avia_image' src=\"https:\/\/www.aretis.ch\/wp-content\/uploads\/referenz_birr.jpg\" alt='' title=''   \/><\/div><\/div><\/div><br \/>\n\n<style type=\"text\/css\" data-created_by=\"avia_inline_auto\" id=\"style-css-av-av_heading-eeeb95fcf8d62d4a138c66f6b19e6a06\">\n#top .av-special-heading.av-av_heading-eeeb95fcf8d62d4a138c66f6b19e6a06{\npadding-bottom:10px;\n}\nbody .av-special-heading.av-av_heading-eeeb95fcf8d62d4a138c66f6b19e6a06 .av-special-heading-tag .heading-char{\nfont-size:25px;\n}\n.av-special-heading.av-av_heading-eeeb95fcf8d62d4a138c66f6b19e6a06 .av-subheading{\nfont-size:15px;\n}\n<\/style>\n<div  class='av-special-heading av-av_heading-eeeb95fcf8d62d4a138c66f6b19e6a06 av-special-heading-h3  avia-builder-el-9  el_after_av_image  el_before_av_textblock'><h3 class='av-special-heading-tag'  >Birr Machines AG<\/h3><div class=\"special-heading-border\"><div class=\"special-heading-inner-border\"><\/div><\/div><\/div><br \/>\n<section  class='av_textblock_section av-2cmysms-a60f3b8d2e3f0a2fa4986661948dd203'  ><div class='avia_textblock' ><ul>\n<li>Worldwide electric machine revisions<\/li>\n<li>Design &amp; LifeCycle Service for ABB<\/li>\n<li><a href=\"http:\/\/www.birr-machines.com\/de\" target=\"_blank\" rel=\"noopener noreferrer\">www.birr-machines.com<\/a><\/li>\n<\/ul>\n<\/div><\/section><\/p><\/div>\n<style type=\"text\/css\" data-created_by=\"avia_inline_auto\" id=\"style-css-av-17oh39w-5d40088e0c6f6c65a06267be5981bb73\">\n.flex_column.av-17oh39w-5d40088e0c6f6c65a06267be5981bb73{\nborder-radius:0px 0px 0px 0px;\npadding:0px 0px 0px 0px;\n}\n<\/style>\n<div  class='flex_column av-17oh39w-5d40088e0c6f6c65a06267be5981bb73 av_one_third  avia-builder-el-11  el_after_av_one_third  el_before_av_one_third  av-break-at-tablet flex_column_div av-animated-generic top-to-bottom av-zero-column-padding'     ><p>\n<style type=\"text\/css\" data-created_by=\"avia_inline_auto\" id=\"style-css-av-16i2650-2289737cf7f56abb7c450b91712e9c9e\">\n.avia-image-container.av-16i2650-2289737cf7f56abb7c450b91712e9c9e img.avia_image{\nbox-shadow:none;\n}\n.avia-image-container.av-16i2650-2289737cf7f56abb7c450b91712e9c9e .av-image-caption-overlay-center{\ncolor:#ffffff;\n}\n<\/style>\n<div  class='avia-image-container av-16i2650-2289737cf7f56abb7c450b91712e9c9e av-styling- avia-align-center  avia-builder-el-12  el_before_av_heading  avia-builder-el-first'  ><div class=\"avia-image-container-inner\"><div class=\"avia-image-overlay-wrap\"><img decoding=\"async\" fetchpriority=\"high\" class='wp-image- avia-img-lazy-loading-not- avia_image' src=\"https:\/\/www.aretis.ch\/wp-content\/uploads\/referenz_my_balance.jpg\" alt='' title=''   \/><\/div><\/div><\/div><br \/>\n\n<style type=\"text\/css\" data-created_by=\"avia_inline_auto\" id=\"style-css-av-av_heading-4e09bd5d9e46fb1a25593f7ea6b5f6ef\">\n#top .av-special-heading.av-av_heading-4e09bd5d9e46fb1a25593f7ea6b5f6ef{\npadding-bottom:10px;\n}\nbody .av-special-heading.av-av_heading-4e09bd5d9e46fb1a25593f7ea6b5f6ef .av-special-heading-tag .heading-char{\nfont-size:25px;\n}\n.av-special-heading.av-av_heading-4e09bd5d9e46fb1a25593f7ea6b5f6ef .av-subheading{\nfont-size:15px;\n}\n<\/style>\n<div  class='av-special-heading av-av_heading-4e09bd5d9e46fb1a25593f7ea6b5f6ef av-special-heading-h3  avia-builder-el-13  el_after_av_image  el_before_av_textblock'><h3 class='av-special-heading-tag'  >The Balance Academy<\/h3><div class=\"special-heading-border\"><div class=\"special-heading-inner-border\"><\/div><\/div><\/div><br \/>\n<section  class='av_textblock_section av-2cmysms-a60f3b8d2e3f0a2fa4986661948dd203'  ><div class='avia_textblock' ><ul>\n<li>Supervision, coaching and osteopathy<\/li>\n<li>Therapy and training for lasting change<\/li>\n<li><a href=\"http:\/\/www.the-balance-academy.ch\" target=\"_blank\" rel=\"noopener noreferrer\">www.the-balance-academy.ch<\/a><\/li>\n<\/ul>\n<\/div><\/section><\/p><\/div>\n<style type=\"text\/css\" data-created_by=\"avia_inline_auto\" id=\"style-css-av-6anhz6-753bcc243dbb4f64b9384989f75f497b\">\n.flex_column.av-6anhz6-753bcc243dbb4f64b9384989f75f497b{\nborder-radius:0px 0px 0px 0px;\npadding:0px 0px 0px 0px;\n}\n<\/style>\n<div  class='flex_column av-6anhz6-753bcc243dbb4f64b9384989f75f497b av_one_third  avia-builder-el-15  el_after_av_one_third  el_before_av_one_third  first flex_column_div av-zero-column-padding  column-top-margin'     ><\/div>\n<style type=\"text\/css\" data-created_by=\"avia_inline_auto\" id=\"style-css-av-3mxfc2-203dc1f035143af77f669634452271d5\">\n.flex_column.av-3mxfc2-203dc1f035143af77f669634452271d5{\nborder-radius:0px 0px 0px 0px;\npadding:0px 0px 0px 0px;\n}\n<\/style>\n<div  class='flex_column av-3mxfc2-203dc1f035143af77f669634452271d5 av_one_third  avia-builder-el-16  el_after_av_one_third  el_before_av_one_third  flex_column_div av-zero-column-padding  column-top-margin'     ><div  class='avia-button-wrap av-9d6a78-20c101ea517986de951f6696936796be-wrap avia-button-center  avia-builder-el-17  avia-builder-el-no-sibling'><a href=''  class='avia-button av-9d6a78-20c101ea517986de951f6696936796be av-link-btn avia-icon_select-yes-left-icon avia-size-medium avia-position-center avia-color-theme-color'   aria-label=\"more sample pages\"><span class='avia_button_icon avia_button_icon_left avia-iconfont avia-font-entypo-fontello' data-av_icon='\ue832' data-av_iconfont='entypo-fontello' ><\/span><span class='avia_iconbox_title' >more sample pages<\/span><\/a><\/div><\/div>\n<style type=\"text\/css\" data-created_by=\"avia_inline_auto\" id=\"style-css-av-2fn7nm-01861b9f0d0f8b9a997e467e99ed4124\">\n.flex_column.av-2fn7nm-01861b9f0d0f8b9a997e467e99ed4124{\nborder-radius:0px 0px 0px 0px;\npadding:0px 0px 0px 0px;\n}\n<\/style>\n<div  class='flex_column av-2fn7nm-01861b9f0d0f8b9a997e467e99ed4124 av_one_third  avia-builder-el-18  el_after_av_one_third  avia-builder-el-last  flex_column_div av-zero-column-padding  column-top-margin'     ><\/div><\/div><\/div><\/main><!-- close content main element --><\/div><\/div><div id='after_section_1'  class='main_color av_default_container_wrap container_wrap sidebar_left'  ><div class='container av-section-cont-open' ><div class='template-page content  av-content-small units'><div class='post-entry post-entry-type-page post-entry-12028'><div class='entry-content-wrapper clearfix'>","protected":false},"excerpt":{"rendered":"","protected":false},"author":1,"featured_media":0,"parent":0,"menu_order":12,"comment_status":"closed","ping_status":"closed","template":"","meta":{"_acf_changed":false,"_seopress_robots_primary_cat":"","_seopress_titles_title":"Google SEO \u2013 neue Besucher, Keyword-Analyse und holistische Inhalte","_seopress_titles_desc":"Nach der Keyword-Analyse platzieren wir Ihre Webseite \u00fcber SEO \u2013 also die qualifizierte Google-Suche. Oder \u00fcber Google Adwords-Anzeigen. Dort sind Sie bei Google sofort auf den vordersten R\u00e4ngen sichtbar. Ihr Vorteil: Sie gewinnen neue Besucher und erh\u00f6hen den Onlineumsatz.","_seopress_robots_index":"","footnotes":""},"folder":[],"class_list":["post-12028","page","type-page","status-publish","hentry"],"acf":[],"_links":{"self":[{"href":"https:\/\/shiatsu-tcm-holenstein.ch\/en\/wp-json\/wp\/v2\/pages\/12028","targetHints":{"allow":["GET"]}}],"collection":[{"href":"https:\/\/shiatsu-tcm-holenstein.ch\/en\/wp-json\/wp\/v2\/pages"}],"about":[{"href":"https:\/\/shiatsu-tcm-holenstein.ch\/en\/wp-json\/wp\/v2\/types\/page"}],"author":[{"embeddable":true,"href":"https:\/\/shiatsu-tcm-holenstein.ch\/en\/wp-json\/wp\/v2\/users\/1"}],"replies":[{"embeddable":true,"href":"https:\/\/shiatsu-tcm-holenstein.ch\/en\/wp-json\/wp\/v2\/comments?post=12028"}],"version-history":[{"count":0,"href":"https:\/\/shiatsu-tcm-holenstein.ch\/en\/wp-json\/wp\/v2\/pages\/12028\/revisions"}],"wp:attachment":[{"href":"https:\/\/shiatsu-tcm-holenstein.ch\/en\/wp-json\/wp\/v2\/media?parent=12028"}],"wp:term":[{"taxonomy":"folder","embeddable":true,"href":"https:\/\/shiatsu-tcm-holenstein.ch\/en\/wp-json\/wp\/v2\/folder?post=12028"}],"curies":[{"name":"wp","href":"https:\/\/api.w.org\/{rel}","templated":true}]}}