{"id":12576,"date":"2020-03-19T10:42:43","date_gmt":"2020-03-19T09:42:43","guid":{"rendered":"https:\/\/shiatsu.aretis.ch\/?page_id=12576"},"modified":"2020-03-23T08:29:39","modified_gmt":"2020-03-23T07:29:39","slug":"book-appointments-online","status":"publish","type":"page","link":"https:\/\/shiatsu-tcm-holenstein.ch\/en\/termine-online-buchen\/","title":{"rendered":"Book dates"},"content":{"rendered":"<div id='layer_slider_1'  class='avia-layerslider main_color avia-shadow  avia-builder-el-0  el_before_av_section  avia-builder-el-first  container_wrap sidebar_left'  style='height: 366px;'  ><\/div>\n\n<style type=\"text\/css\" data-created_by=\"avia_inline_auto\" id=\"style-css-av-1111nkc-b972f4de14363fc7c7396e7c886ea899\">\n.avia-section.av-1111nkc-b972f4de14363fc7c7396e7c886ea899{\nbackground-color:#ffffff;\nbackground-image:unset;\n}\n<\/style>\n<div id='av_section_1'  class='avia-section av-1111nkc-b972f4de14363fc7c7396e7c886ea899 main_color avia-section-large avia-shadow  avia-builder-el-1  el_after_av_layerslider  el_before_av_section  strech_width avia-bg-style-scroll container_wrap sidebar_left'  ><div class='container av-section-cont-open' ><div class='template-page content  av-content-small units'><div class='post-entry post-entry-type-page post-entry-12576'><div class='entry-content-wrapper clearfix'>\n\n<style type=\"text\/css\" data-created_by=\"avia_inline_auto\" id=\"style-css-av-z89oy4-a35a47c3dd8fef317cf82c6a4b31863e\">\n.flex_column.av-z89oy4-a35a47c3dd8fef317cf82c6a4b31863e{\nborder-radius:0px 0px 0px 0px;\npadding:0px 0px 0px 0px;\n}\n<\/style>\n<div  class='flex_column av-z89oy4-a35a47c3dd8fef317cf82c6a4b31863e av_one_full  avia-builder-el-2  avia-builder-el-no-sibling  first flex_column_div av-zero-column-padding'     ><p>\n<style type=\"text\/css\" data-created_by=\"avia_inline_auto\" id=\"style-css-av-j016m8-22179c8bf56c04172de51821b80a3dd4\">\n#top .av-special-heading.av-j016m8-22179c8bf56c04172de51821b80a3dd4{\npadding-bottom:30px;\n}\nbody .av-special-heading.av-j016m8-22179c8bf56c04172de51821b80a3dd4 .av-special-heading-tag .heading-char{\nfont-size:25px;\n}\n.av-special-heading.av-j016m8-22179c8bf56c04172de51821b80a3dd4 .av-subheading{\nfont-size:30px;\n}\n<\/style>\n<div  class='av-special-heading av-j016m8-22179c8bf56c04172de51821b80a3dd4 av-special-heading-h1 blockquote modern-quote modern-centered  avia-builder-el-3  el_before_av_hr  avia-builder-el-first'><h1 class='av-special-heading-tag'  >Book appointments online<\/h1><div class='av-subheading av-subheading_below'><p>You will receive an appointment confirmation from me immediately<\/p>\n<\/div><div class=\"special-heading-border\"><div class=\"special-heading-inner-border\"><\/div><\/div><\/div><br \/>\n\n<style type=\"text\/css\" data-created_by=\"avia_inline_auto\" id=\"style-css-av-ik2rls-b37338a0ecd450f2972e71c49fbdaf9c\">\n#top .hr.av-ik2rls-b37338a0ecd450f2972e71c49fbdaf9c{\nmargin-top:30px;\nmargin-bottom:100px;\n}\n.hr.av-ik2rls-b37338a0ecd450f2972e71c49fbdaf9c .hr-inner{\nwidth:150px;\nborder-color:#6d6d6d;\nmax-width:45%;\n}\n.hr.av-ik2rls-b37338a0ecd450f2972e71c49fbdaf9c .av-seperator-icon{\ncolor:#6d6d6d;\n}\n.hr.av-ik2rls-b37338a0ecd450f2972e71c49fbdaf9c .av-seperator-icon.avia-svg-icon svg:first-child{\nfill:#6d6d6d;\nstroke:#6d6d6d;\n}\n<\/style>\n<div  class='hr av-ik2rls-b37338a0ecd450f2972e71c49fbdaf9c hr-custom  avia-builder-el-4  el_after_av_heading  el_before_av_codeblock  hr-center hr-icon-yes'><span class='hr-inner inner-border-av-border-thin'><span class=\"hr-inner-style\"><\/span><\/span><span class='av-seperator-icon avia-iconfont avia-font-fontello' data-av_icon='\ue800' data-av_iconfont='fontello' ><\/span><span class='hr-inner inner-border-av-border-thin'><span class=\"hr-inner-style\"><\/span><\/span><\/div><br \/>\n<\/p><\/div>\n\n<\/div><\/div><\/div><!-- close content main div --><\/div><\/div>\n<style type=\"text\/css\" data-created_by=\"avia_inline_auto\" id=\"style-css-av-30xqkc4-0b518784360628b4868edb7b66bf5e18\">\n.avia-section.av-30xqkc4-0b518784360628b4868edb7b66bf5e18{\nbackground-color:#f4f4f4;\nbackground-image:unset;\n}\n<\/style>\n<div id='av_section_2'  class='avia-section av-30xqkc4-0b518784360628b4868edb7b66bf5e18 alternate_color avia-section-large avia-shadow  avia-builder-el-6  el_after_av_section  avia-builder-el-last  avia-bg-style-scroll container_wrap sidebar_left'  ><div class='container av-section-cont-open' ><div class='template-page content  av-content-small units'><div class='post-entry post-entry-type-page post-entry-12576'><div class='entry-content-wrapper clearfix'>\n\n<style type=\"text\/css\" data-created_by=\"avia_inline_auto\" id=\"style-css-av-2vsv1kk-fa9912c4e01586e86b443088a6c262e5\">\n.flex_column.av-2vsv1kk-fa9912c4e01586e86b443088a6c262e5{\nborder-radius:0px 0px 0px 0px;\npadding:45px 0px 0px 0px;\n}\n<\/style>\n<div  class='flex_column av-2vsv1kk-fa9912c4e01586e86b443088a6c262e5 av_one_half  avia-builder-el-7  el_before_av_one_half  avia-builder-el-first  first av-break-at-tablet flex_column_div av-animated-generic left-to-right'     ><style type=\"text\/css\" data-created_by=\"avia_inline_auto\" id=\"style-css-av-a3u2o4-ba66216316ae743b083a010d31be446d\">\n.avia-image-container.av-a3u2o4-ba66216316ae743b083a010d31be446d img.avia_image{\nbox-shadow:none;\n}\n.avia-image-container.av-a3u2o4-ba66216316ae743b083a010d31be446d .av-image-caption-overlay-center{\ncolor:#ffffff;\n}\n<\/style>\n<div  class='avia-image-container av-a3u2o4-ba66216316ae743b083a010d31be446d av-styling- avia_animated_image av-animated-when-visible-95 left-to-right avia-align-center  avia-builder-el-8  avia-builder-el-no-sibling'  ><div class=\"avia-image-container-inner\"><div class=\"avia-image-overlay-wrap\"><img decoding=\"async\" fetchpriority=\"high\" class='wp-image-12721 avia-img-lazy-loading-not-12721 avia_image' src=\"https:\/\/shiatsu-tcm-holenstein.ch\/wp-content\/uploads\/2020\/03\/Praxis.jpg\" alt='' title='Practice'  height=\"570\" width=\"700\" srcset=\"https:\/\/shiatsu-tcm-holenstein.ch\/wp-content\/uploads\/2020\/03\/Praxis.jpg 700w, https:\/\/shiatsu-tcm-holenstein.ch\/wp-content\/uploads\/2020\/03\/Praxis-300x244.jpg 300w\" sizes=\"(max-width: 700px) 100vw, 700px\" \/><\/div><\/div><\/div><\/div>\n<style type=\"text\/css\" data-created_by=\"avia_inline_auto\" id=\"style-css-av-2rnio6s-d50e775357fe21eedbeb88a4e476d2e8\">\n.flex_column.av-2rnio6s-d50e775357fe21eedbeb88a4e476d2e8{\nborder-radius:0px 0px 0px 0px;\npadding:45px 0px 0px 0px;\n}\n<\/style>\n<div  class='flex_column av-2rnio6s-d50e775357fe21eedbeb88a4e476d2e8 av_one_half  avia-builder-el-9  el_after_av_one_half  avia-builder-el-last  av-break-at-tablet flex_column_div av-animated-generic right-to-left'     ><p>\n<style type=\"text\/css\" data-created_by=\"avia_inline_auto\" id=\"style-css-av-md6w80-e1f124daa7e7f2d6a5b6be52cd21ca22\">\n#top .av-special-heading.av-md6w80-e1f124daa7e7f2d6a5b6be52cd21ca22{\npadding-bottom:0;\n}\nbody .av-special-heading.av-md6w80-e1f124daa7e7f2d6a5b6be52cd21ca22 .av-special-heading-tag .heading-char{\nfont-size:25px;\n}\n.av-special-heading.av-md6w80-e1f124daa7e7f2d6a5b6be52cd21ca22 .av-subheading{\nfont-size:15px;\n}\n\n@media only screen and (max-width: 479px){ \n#top #wrap_all .av-special-heading.av-md6w80-e1f124daa7e7f2d6a5b6be52cd21ca22 .av-special-heading-tag{\nfont-size:16px;\n}\n}\n<\/style>\n<div  class='av-special-heading av-md6w80-e1f124daa7e7f2d6a5b6be52cd21ca22 av-special-heading-h3 blockquote modern-quote  avia-builder-el-10  el_before_av_hr  avia-builder-el-first'><h3 class='av-special-heading-tag'  > Thank you for your request<\/h3><div class=\"special-heading-border\"><div class=\"special-heading-inner-border\"><\/div><\/div><\/div><br \/>\n\n<style type=\"text\/css\" data-created_by=\"avia_inline_auto\" id=\"style-css-av-k7vomddf-fcf2591cd6d8b3850db3e598341f7cf9\">\n#top .hr.av-k7vomddf-fcf2591cd6d8b3850db3e598341f7cf9{\nmargin-top:10px;\nmargin-bottom:20px;\n}\n.hr.av-k7vomddf-fcf2591cd6d8b3850db3e598341f7cf9 .hr-inner{\nwidth:100px;\nborder-color:#6d6d6d;\n}\n<\/style>\n<div  class='hr av-k7vomddf-fcf2591cd6d8b3850db3e598341f7cf9 hr-custom  avia-builder-el-11  el_after_av_heading  el_before_av_textblock  hr-left hr-icon-no'><span class='hr-inner inner-border-av-border-thin'><span class=\"hr-inner-style\"><\/span><\/span><\/div><br \/>\n<section  class='av_textblock_section av-2oq3ntg-d09480bfdd338f53ae29b7bf5c14161a'  ><div class='avia_textblock' ><p><span class='av_dropcap1 av-av_dropcap1-3cd9da5fea0ef5fb27aee617571c39a3'>T<\/span>ou will immediately receive a confirmation of your appointment or a proposal for an alternative date. If you cannot keep your appointment, please cancel 24 hours in advance.<\/p>\n<\/div><\/section><br \/>\n\n<style type=\"text\/css\" data-created_by=\"avia_inline_auto\" id=\"style-css-av-k7vomddf-fcf2591cd6d8b3850db3e598341f7cf9\">\n#top .hr.av-k7vomddf-fcf2591cd6d8b3850db3e598341f7cf9{\nmargin-top:10px;\nmargin-bottom:20px;\n}\n.hr.av-k7vomddf-fcf2591cd6d8b3850db3e598341f7cf9 .hr-inner{\nwidth:100px;\nborder-color:#6d6d6d;\n}\n<\/style>\n<div  class='hr av-k7vomddf-fcf2591cd6d8b3850db3e598341f7cf9 hr-custom  avia-builder-el-13  el_after_av_textblock  avia-builder-el-last  hr-left hr-icon-no'><span class='hr-inner inner-border-av-border-thin'><span class=\"hr-inner-style\"><\/span><\/span><\/div><\/p><\/div>\n<\/div><\/div><\/div><!-- close content main div --><\/div><\/div><div id='after_section_2'  class='main_color av_default_container_wrap container_wrap sidebar_left'  ><div class='container av-section-cont-open' ><div class='template-page content  av-content-small units'><div class='post-entry post-entry-type-page post-entry-12576'><div class='entry-content-wrapper clearfix'>","protected":false},"excerpt":{"rendered":"","protected":false},"author":1,"featured_media":0,"parent":0,"menu_order":0,"comment_status":"closed","ping_status":"closed","template":"","meta":{"_acf_changed":false,"_seopress_robots_primary_cat":"","_seopress_titles_title":"Termine online buchen \u2013 Sylvia Holenstein, Praxis f\u00fcr Komplement\u00e4rtherapie ","_seopress_titles_desc":"Termine online buchen in der Praxis f\u00fcr Komplemet\u00e4rtherapie in Zug","_seopress_robots_index":"","footnotes":""},"folder":[],"class_list":["post-12576","page","type-page","status-publish","hentry"],"acf":[],"_links":{"self":[{"href":"https:\/\/shiatsu-tcm-holenstein.ch\/en\/wp-json\/wp\/v2\/pages\/12576","targetHints":{"allow":["GET"]}}],"collection":[{"href":"https:\/\/shiatsu-tcm-holenstein.ch\/en\/wp-json\/wp\/v2\/pages"}],"about":[{"href":"https:\/\/shiatsu-tcm-holenstein.ch\/en\/wp-json\/wp\/v2\/types\/page"}],"author":[{"embeddable":true,"href":"https:\/\/shiatsu-tcm-holenstein.ch\/en\/wp-json\/wp\/v2\/users\/1"}],"replies":[{"embeddable":true,"href":"https:\/\/shiatsu-tcm-holenstein.ch\/en\/wp-json\/wp\/v2\/comments?post=12576"}],"version-history":[{"count":5,"href":"https:\/\/shiatsu-tcm-holenstein.ch\/en\/wp-json\/wp\/v2\/pages\/12576\/revisions"}],"predecessor-version":[{"id":12774,"href":"https:\/\/shiatsu-tcm-holenstein.ch\/en\/wp-json\/wp\/v2\/pages\/12576\/revisions\/12774"}],"wp:attachment":[{"href":"https:\/\/shiatsu-tcm-holenstein.ch\/en\/wp-json\/wp\/v2\/media?parent=12576"}],"wp:term":[{"taxonomy":"folder","embeddable":true,"href":"https:\/\/shiatsu-tcm-holenstein.ch\/en\/wp-json\/wp\/v2\/folder?post=12576"}],"curies":[{"name":"wp","href":"https:\/\/api.w.org\/{rel}","templated":true}]}}