{"id":12942,"date":"2020-03-23T15:51:45","date_gmt":"2020-03-23T14:51:45","guid":{"rendered":"https:\/\/shiatsu.aretis.ch\/moxibution-copy\/"},"modified":"2025-10-14T17:39:54","modified_gmt":"2025-10-14T15:39:54","slug":"current","status":"publish","type":"page","link":"https:\/\/shiatsu-tcm-holenstein.ch\/en\/aktuelles\/","title":{"rendered":"News"},"content":{"rendered":"<style type=\"text\/css\" data-created_by=\"avia_inline_auto\" id=\"style-css-av-1k0d8rr-d6045fe515f2d215d275cb7f0f834ece\">\n.avia-section.av-1k0d8rr-d6045fe515f2d215d275cb7f0f834ece .av-parallax .av-parallax-inner{\nbackground-repeat:no-repeat;\nbackground-image:url(https:\/\/shiatsu-tcm-holenstein.ch\/wp-content\/uploads\/2020\/03\/QiGong-Header.jpg);\nbackground-position:50% 50%;\nbackground-attachment:scroll;\n}\n.avia-section.av-1k0d8rr-d6045fe515f2d215d275cb7f0f834ece .av-section-color-overlay{\nopacity:0.4;\nbackground-color:#000000;\n}\n#top .avia-section.av-1k0d8rr-d6045fe515f2d215d275cb7f0f834ece .scroll-down-link{\ncolor:#ffffff;\n}\n#top .avia-section.av-1k0d8rr-d6045fe515f2d215d275cb7f0f834ece .scroll-down-link.avia-svg-icon svg:first-child{\nstroke:#ffffff;\nfill:#ffffff;\n}\n<\/style>\n<div id='av_section_1'  class='avia-section av-1k0d8rr-d6045fe515f2d215d275cb7f0f834ece main_color avia-section-default avia-shadow  avia-builder-el-0  el_before_av_section  avia-builder-el-first  avia-full-stretch av-parallax-section avia-bg-style-parallax av-section-color-overlay-active av-minimum-height av-minimum-height-75 av-height-75  container_wrap sidebar_left'  data-section-bg-repeat='stretch' data-av_minimum_height_pc='75' data-av_min_height_opt='75'><div class='av-parallax' data-avia-parallax-ratio='0.3' ><div class='av-parallax-inner main_color avia-full-stretch'><\/div><\/div><div class=\"av-section-color-overlay-wrap\"><div class=\"av-section-color-overlay\"><\/div><a href='#next-section' title='' class='scroll-down-link av-custom-scroll-down-color avia-svg-icon avia-font-svg_entypo-fontello' data-av_svg_icon='down-open-mini' data-av_iconset='svg_entypo-fontello'><svg version=\"1.1\" xmlns=\"http:\/\/www.w3.org\/2000\/svg\" width=\"15\" height=\"32\" viewbox=\"0 0 15 32\" preserveaspectratio=\"xMidYMid meet\" aria-labelledby='av-svg-title-1' aria-describedby='av-svg-desc-1' role=\"graphics-symbol\" aria-hidden=\"true\">\n<title id='av-svg-title-1'>Scroll to next section<\/title>\n<desc id='av-svg-desc-1'>Scroll to next section<\/desc>\n<path d=\"M12.96 12.16q0.704-0.832 1.536 0 0.832 0.704 0 1.536l-6.272 6.144q-0.704 0.704-1.536 0l-6.272-6.144q-0.832-0.832 0-1.536 0.768-0.768 1.6 0l5.44 4.992z\"><\/path>\n<\/svg><\/a><div class='container av-section-cont-open' ><main  class='template-page content  av-content-small units'><div class='post-entry post-entry-type-page post-entry-12942'><div class='entry-content-wrapper clearfix'>\n\n<style type=\"text\/css\" data-created_by=\"avia_inline_auto\" id=\"style-css-av-k84l9yyc-df2a6e0062e21701023c1e7a45ebf925\">\n#top .av-special-heading.av-k84l9yyc-df2a6e0062e21701023c1e7a45ebf925{\npadding-bottom:35px;\ncolor:#ffffff;\nfont-size:65px;\n}\nbody .av-special-heading.av-k84l9yyc-df2a6e0062e21701023c1e7a45ebf925 .av-special-heading-tag .heading-char{\nfont-size:25px;\n}\n#top #wrap_all .av-special-heading.av-k84l9yyc-df2a6e0062e21701023c1e7a45ebf925 .av-special-heading-tag{\nfont-size:65px;\n}\n.av-special-heading.av-k84l9yyc-df2a6e0062e21701023c1e7a45ebf925 .special-heading-inner-border{\nborder-color:#ffffff;\n}\n.av-special-heading.av-k84l9yyc-df2a6e0062e21701023c1e7a45ebf925 .av-subheading{\nfont-size:30px;\n}\n\n@media only screen and (min-width: 480px) and (max-width: 767px){ \n#top #wrap_all .av-special-heading.av-k84l9yyc-df2a6e0062e21701023c1e7a45ebf925 .av-special-heading-tag{\nfont-size:0.8em;\n}\n}\n\n@media only screen and (max-width: 479px){ \n#top #wrap_all .av-special-heading.av-k84l9yyc-df2a6e0062e21701023c1e7a45ebf925 .av-special-heading-tag{\nfont-size:0.8em;\n}\n}\n<\/style>\n<div  class='av-special-heading av-k84l9yyc-df2a6e0062e21701023c1e7a45ebf925 av-special-heading-h1 custom-color-heading blockquote modern-quote modern-centered  avia-builder-el-1  avia-builder-el-no-sibling  av-thin-font av-inherit-size'><h1 class='av-special-heading-tag'  >News and <strong> Interesting <\/strong><\/h1><div class=\"special-heading-border\"><div class=\"special-heading-inner-border\"><\/div><\/div><\/div>\n\n<\/div><\/div><\/main><!-- close content main element --><\/div><\/div><\/div><div id='av_section_2'  class='avia-section av-30xqkc4-c4fc280cdd9a136b8907f6c9fddc83ea alternate_color avia-section-large avia-no-border-styling  avia-builder-el-2  el_after_av_section  avia-builder-el-last  avia-bg-style-scroll container_wrap sidebar_left'  ><div class='container av-section-cont-open' ><div class='template-page content  av-content-small units'><div class='post-entry post-entry-type-page post-entry-12942'><div class='entry-content-wrapper clearfix'>\n\n<style type=\"text\/css\" data-created_by=\"avia_inline_auto\" id=\"style-css-av-2zu9j1i-454e9250e6205df169766df22cc749bc\">\n.flex_column.av-2zu9j1i-454e9250e6205df169766df22cc749bc{\nborder-radius:0px 0px 0px 0px;\npadding:55px 0px 0px 0px;\n}\n<\/style>\n<div  class='flex_column av-2zu9j1i-454e9250e6205df169766df22cc749bc av_one_full  avia-builder-el-3  el_before_av_one_half  avia-builder-el-first  first flex_column_div av-animated-generic top-to-bottom'     ><p>\n<style type=\"text\/css\" data-created_by=\"avia_inline_auto\" id=\"style-css-av-17hnvhq-077c2ae021d5b50235ce6c9dbd37b986\">\n#top .av-special-heading.av-17hnvhq-077c2ae021d5b50235ce6c9dbd37b986{\npadding-bottom:30px;\n}\nbody .av-special-heading.av-17hnvhq-077c2ae021d5b50235ce6c9dbd37b986 .av-special-heading-tag .heading-char{\nfont-size:25px;\n}\n.av-special-heading.av-17hnvhq-077c2ae021d5b50235ce6c9dbd37b986 .av-subheading{\nfont-size:30px;\n}\n<\/style>\n<div  class='av-special-heading av-17hnvhq-077c2ae021d5b50235ce6c9dbd37b986 av-special-heading-h2 blockquote modern-quote modern-centered  avia-builder-el-4  el_before_av_hr  avia-builder-el-first'><h2 class='av-special-heading-tag'  >News<\/h2><div class='av-subheading av-subheading_below'><p>Note my news<\/p>\n<\/div><div class=\"special-heading-border\"><div class=\"special-heading-inner-border\"><\/div><\/div><\/div><br \/>\n\n<style type=\"text\/css\" data-created_by=\"avia_inline_auto\" id=\"style-css-av-2x50ddi-06635a4f9afd98077aebc98c73933eff\">\n#top .hr.av-2x50ddi-06635a4f9afd98077aebc98c73933eff{\nmargin-top:30px;\nmargin-bottom:30px;\n}\n.hr.av-2x50ddi-06635a4f9afd98077aebc98c73933eff .hr-inner{\nwidth:150px;\nborder-color:#6d6d6d;\nmax-width:45%;\n}\n.hr.av-2x50ddi-06635a4f9afd98077aebc98c73933eff .av-seperator-icon{\ncolor:#6d6d6d;\n}\n.hr.av-2x50ddi-06635a4f9afd98077aebc98c73933eff .av-seperator-icon.avia-svg-icon svg:first-child{\nfill:#6d6d6d;\nstroke:#6d6d6d;\n}\n<\/style>\n<div  class='hr av-2x50ddi-06635a4f9afd98077aebc98c73933eff hr-custom  avia-builder-el-5  el_after_av_heading  avia-builder-el-last  hr-center hr-icon-yes'><span class='hr-inner inner-border-av-border-thin'><span class=\"hr-inner-style\"><\/span><\/span><span class='av-seperator-icon avia-iconfont avia-font-fontello' data-av_icon='\ue800' data-av_iconfont='fontello' ><\/span><span class='hr-inner inner-border-av-border-thin'><span class=\"hr-inner-style\"><\/span><\/span><\/div><\/p><\/div>\n<style type=\"text\/css\" data-created_by=\"avia_inline_auto\" id=\"style-css-av-2vsv1kk-fa9912c4e01586e86b443088a6c262e5\">\n.flex_column.av-2vsv1kk-fa9912c4e01586e86b443088a6c262e5{\nborder-radius:0px 0px 0px 0px;\npadding:45px 0px 0px 0px;\n}\n<\/style>\n<div  class='flex_column av-2vsv1kk-fa9912c4e01586e86b443088a6c262e5 av_one_half  avia-builder-el-6  el_after_av_one_full  el_before_av_one_half  first av-break-at-tablet flex_column_div av-animated-generic left-to-right  column-top-margin'     ><style type=\"text\/css\" data-created_by=\"avia_inline_auto\" id=\"style-css-av-k84jdu8a-06c0847185ea0219d3f8602c2c01ffaa\">\n.avia-image-container.av-k84jdu8a-06c0847185ea0219d3f8602c2c01ffaa img.avia_image{\nbox-shadow:none;\n}\n.avia-image-container.av-k84jdu8a-06c0847185ea0219d3f8602c2c01ffaa .av-image-caption-overlay-center{\ncolor:#ffffff;\n}\n<\/style>\n<div  class='avia-image-container av-k84jdu8a-06c0847185ea0219d3f8602c2c01ffaa av-styling- avia_animated_image av-animated-when-visible-95 left-to-right avia-align-center  avia-builder-el-7  avia-builder-el-no-sibling'  ><div class=\"avia-image-container-inner\"><div class=\"avia-image-overlay-wrap\"><img decoding=\"async\" fetchpriority=\"high\" class='wp-image-13149 avia-img-lazy-loading-not-13149 avia_image' src=\"https:\/\/shiatsu-tcm-holenstein.ch\/wp-content\/uploads\/2020\/03\/Zwerg-1.jpg\" alt='' title='Dwarf'  height=\"577\" width=\"750\" srcset=\"https:\/\/shiatsu-tcm-holenstein.ch\/wp-content\/uploads\/2020\/03\/Zwerg-1.jpg 750w, https:\/\/shiatsu-tcm-holenstein.ch\/wp-content\/uploads\/2020\/03\/Zwerg-1-300x231.jpg 300w, https:\/\/shiatsu-tcm-holenstein.ch\/wp-content\/uploads\/2020\/03\/Zwerg-1-705x542.jpg 705w\" sizes=\"(max-width: 750px) 100vw, 750px\" \/><\/div><\/div><\/div><\/div>\n<style type=\"text\/css\" data-created_by=\"avia_inline_auto\" id=\"style-css-av-2rnio6s-d50e775357fe21eedbeb88a4e476d2e8\">\n.flex_column.av-2rnio6s-d50e775357fe21eedbeb88a4e476d2e8{\nborder-radius:0px 0px 0px 0px;\npadding:45px 0px 0px 0px;\n}\n<\/style>\n<div  class='flex_column av-2rnio6s-d50e775357fe21eedbeb88a4e476d2e8 av_one_half  avia-builder-el-8  el_after_av_one_half  avia-builder-el-last  av-break-at-tablet flex_column_div av-animated-generic right-to-left  column-top-margin'     ><p>\n<style type=\"text\/css\" data-created_by=\"avia_inline_auto\" id=\"style-css-av-jp9yy6-8ea18ef40b0c3caeda9828d94be51b33\">\n#top .av-special-heading.av-jp9yy6-8ea18ef40b0c3caeda9828d94be51b33{\npadding-bottom:0;\n}\nbody .av-special-heading.av-jp9yy6-8ea18ef40b0c3caeda9828d94be51b33 .av-special-heading-tag .heading-char{\nfont-size:25px;\n}\n.av-special-heading.av-jp9yy6-8ea18ef40b0c3caeda9828d94be51b33 .av-subheading{\nfont-size:15px;\n}\n\n@media only screen and (max-width: 479px){ \n#top #wrap_all .av-special-heading.av-jp9yy6-8ea18ef40b0c3caeda9828d94be51b33 .av-special-heading-tag{\nfont-size:16px;\n}\n}\n<\/style>\n<div  class='av-special-heading av-jp9yy6-8ea18ef40b0c3caeda9828d94be51b33 av-special-heading-h3 blockquote modern-quote  avia-builder-el-9  el_before_av_hr  avia-builder-el-first'><h3 class='av-special-heading-tag'  >News from the practice<\/h3><div class=\"special-heading-border\"><div class=\"special-heading-inner-border\"><\/div><\/div><\/div><br \/>\n\n<style type=\"text\/css\" data-created_by=\"avia_inline_auto\" id=\"style-css-av-2nvg9lg-41497af331c9ce8dfd6558680d55bd36\">\n#top .hr.av-2nvg9lg-41497af331c9ce8dfd6558680d55bd36{\nmargin-top:30px;\nmargin-bottom:30px;\n}\n.hr.av-2nvg9lg-41497af331c9ce8dfd6558680d55bd36 .hr-inner{\nwidth:100px;\nborder-color:#6d6d6d;\n}\n<\/style>\n<div  class='hr av-2nvg9lg-41497af331c9ce8dfd6558680d55bd36 hr-custom  avia-builder-el-10  el_after_av_heading  el_before_av_textblock  hr-left hr-icon-no'><span class='hr-inner inner-border-av-border-thin'><span class=\"hr-inner-style\"><\/span><\/span><\/div><br \/>\n<section  class='av_textblock_section av-2oq3ntg-74996dd2ed304be98f9a24873f609162'  ><div class='avia_textblock' ><p><strong><span class='av_dropcap1 av-av_dropcap1-3cd9da5fea0ef5fb27aee617571c39a3'>T<\/span><\/strong><strong>he practice is closed on Friday - appointments are possible in exceptional cases and on request.<\/strong><\/p>\n<p>You can book your appointments directly in the online calendar or contact me by phone, WhatsApp, SMS or email.<\/p>\n<p><strong>Tel 079 483 96 67 or mail@shiatsu-tcm-holenstein.ch<\/strong><\/p>\n<h4>Meditation &amp; QiGong from Feb 2026<\/h4>\n<p>From February 2026 I will be offering a Meditation &amp; QiGong class once a month at the Steinhausen dance school, on Mondays from 17.00h - 18.15h.<\/p>\n<p>The cost per lesson is CHF 35, these lessons can also be booked individually in advance. The first lesson will take place on Monday, February 2nd.<\/p>\n<p>Please contact me for further details if you are interested in this offer.<\/p>\n<p>Sincerely, Sylvia Holenstein<\/p>\n<\/div><\/section><br \/>\n\n<style type=\"text\/css\" data-created_by=\"avia_inline_auto\" id=\"style-css-av-k84lubff-57c23c2ad268a7519f71e1f4ed846391\">\n.avia-image-container.av-k84lubff-57c23c2ad268a7519f71e1f4ed846391 img.avia_image{\nbox-shadow:none;\n}\n.avia-image-container.av-k84lubff-57c23c2ad268a7519f71e1f4ed846391 .av-image-caption-overlay-center{\ncolor:#ffffff;\n}\n<\/style>\n<div  class='avia-image-container av-k84lubff-57c23c2ad268a7519f71e1f4ed846391 av-styling- avia_animated_image av-animated-when-visible-95 fade-in avia-align-left  avia-builder-el-12  el_after_av_textblock  avia-builder-el-last'  ><div class=\"avia-image-container-inner\"><div class=\"avia-image-overlay-wrap\"><img decoding=\"async\" fetchpriority=\"high\" class='wp-image-12814 avia-img-lazy-loading-not-12814 avia_image' src=\"https:\/\/shiatsu-tcm-holenstein.ch\/wp-content\/uploads\/2020\/03\/Logo_Home-80x80.png\" alt='' title='Logoo_Home'  height=\"80\" width=\"80\" srcset=\"https:\/\/shiatsu-tcm-holenstein.ch\/wp-content\/uploads\/2020\/03\/Logo_Home-80x80.png 80w, https:\/\/shiatsu-tcm-holenstein.ch\/wp-content\/uploads\/2020\/03\/Logo_Home-36x36.png 36w, https:\/\/shiatsu-tcm-holenstein.ch\/wp-content\/uploads\/2020\/03\/Logo_Home-180x180.png 180w\" sizes=\"(max-width: 80px) 100vw, 80px\" \/><\/div><\/div><\/div><\/p><\/div><\/div><\/div><\/div><!-- close content main div --><\/div><\/div><div id='after_section_2'  class='main_color av_default_container_wrap container_wrap sidebar_left'  ><div class='container av-section-cont-open' ><div class='template-page content  av-content-small units'><div class='post-entry post-entry-type-page post-entry-12942'><div class='entry-content-wrapper clearfix'>","protected":false},"excerpt":{"rendered":"","protected":false},"author":1,"featured_media":0,"parent":0,"menu_order":3,"comment_status":"closed","ping_status":"closed","template":"","meta":{"_acf_changed":false,"_seopress_robots_primary_cat":"","_seopress_titles_title":"Moxibution in der Praxis f\u00fcr Komplemet\u00e4rtherapie in Zug","_seopress_titles_desc":"Moxa wird gezielt und punktuell auf oder grossz\u00fcgig auf Hautarealen \u00fcber Gelenken oder den Reflexzonen innerer Organe angewandt.","_seopress_robots_index":"","footnotes":""},"folder":[],"class_list":["post-12942","page","type-page","status-publish","hentry"],"acf":[],"_links":{"self":[{"href":"https:\/\/shiatsu-tcm-holenstein.ch\/en\/wp-json\/wp\/v2\/pages\/12942","targetHints":{"allow":["GET"]}}],"collection":[{"href":"https:\/\/shiatsu-tcm-holenstein.ch\/en\/wp-json\/wp\/v2\/pages"}],"about":[{"href":"https:\/\/shiatsu-tcm-holenstein.ch\/en\/wp-json\/wp\/v2\/types\/page"}],"author":[{"embeddable":true,"href":"https:\/\/shiatsu-tcm-holenstein.ch\/en\/wp-json\/wp\/v2\/users\/1"}],"replies":[{"embeddable":true,"href":"https:\/\/shiatsu-tcm-holenstein.ch\/en\/wp-json\/wp\/v2\/comments?post=12942"}],"version-history":[{"count":12,"href":"https:\/\/shiatsu-tcm-holenstein.ch\/en\/wp-json\/wp\/v2\/pages\/12942\/revisions"}],"predecessor-version":[{"id":13921,"href":"https:\/\/shiatsu-tcm-holenstein.ch\/en\/wp-json\/wp\/v2\/pages\/12942\/revisions\/13921"}],"wp:attachment":[{"href":"https:\/\/shiatsu-tcm-holenstein.ch\/en\/wp-json\/wp\/v2\/media?parent=12942"}],"wp:term":[{"taxonomy":"folder","embeddable":true,"href":"https:\/\/shiatsu-tcm-holenstein.ch\/en\/wp-json\/wp\/v2\/folder?post=12942"}],"curies":[{"name":"wp","href":"https:\/\/api.w.org\/{rel}","templated":true}]}}