{"id":15,"date":"2019-07-25T13:33:55","date_gmt":"2019-07-25T11:33:55","guid":{"rendered":"http:\/\/garageburri.aretis.ch\/Website-2019\/?page_id=15"},"modified":"2020-04-02T15:29:02","modified_gmt":"2020-04-02T13:29:02","slug":"contact","status":"publish","type":"page","link":"https:\/\/shiatsu-tcm-holenstein.ch\/en\/kontakt\/","title":{"rendered":"Contact"},"content":{"rendered":"<div id='layer_slider_1'  class='avia-layerslider main_color avia-shadow  avia-builder-el-0  el_before_av_section  avia-builder-el-first  container_wrap sidebar_left'  style='height: 366px;'  ><\/div>\n<div id='av_section_1'  class='avia-section av-b2kgv-c6a136c124f2f2ca3fb037de7aa7e7e2 main_color avia-section-huge avia-no-border-styling  avia-builder-el-1  el_after_av_layerslider  avia-builder-el-last  avia-bg-style-scroll container_wrap sidebar_left'  ><div class='container av-section-cont-open' ><div class='template-page content  av-content-small units'><div class='post-entry post-entry-type-page post-entry-15'><div class='entry-content-wrapper clearfix'>\n\n<style type=\"text\/css\" data-created_by=\"avia_inline_auto\" id=\"style-css-av-av_heading-857c7d205946945a98bd2359be9adfd9\">\n#top .av-special-heading.av-av_heading-857c7d205946945a98bd2359be9adfd9{\npadding-bottom:10px;\n}\nbody .av-special-heading.av-av_heading-857c7d205946945a98bd2359be9adfd9 .av-special-heading-tag .heading-char{\nfont-size:25px;\n}\n.av-special-heading.av-av_heading-857c7d205946945a98bd2359be9adfd9 .av-subheading{\nfont-size:27px;\n}\n<\/style>\n<div  class='av-special-heading av-av_heading-857c7d205946945a98bd2359be9adfd9 av-special-heading-h1 blockquote modern-quote modern-centered  avia-builder-el-2  el_before_av_hr  avia-builder-el-first  av-linked-heading'><h1 class='av-special-heading-tag '  >Kontakt<\/h1><div class='av-subheading av-subheading_below'><p>Kontaktieren Sie mich unverbindlich<\/p>\n<\/div><div class=\"special-heading-border\"><div class=\"special-heading-inner-border\"><\/div><\/div><\/div>\n\n<style type=\"text\/css\" data-created_by=\"avia_inline_auto\" id=\"style-css-av-a138n-ad4b2a4ab519d27c5e7b1c2b3613f08d\">\n#top .hr.av-a138n-ad4b2a4ab519d27c5e7b1c2b3613f08d{\nmargin-top:30px;\nmargin-bottom:30px;\n}\n.hr.av-a138n-ad4b2a4ab519d27c5e7b1c2b3613f08d .hr-inner{\nwidth:150px;\nborder-color:#6d6d6d;\nmax-width:45%;\n}\n<\/style>\n<div  class='hr av-a138n-ad4b2a4ab519d27c5e7b1c2b3613f08d hr-custom  avia-builder-el-3  el_after_av_heading  el_before_av_three_fifth  hr-center hr-icon-yes'><span class='hr-inner inner-border-av-border-thin'><span class=\"hr-inner-style\"><\/span><\/span><span class='av-seperator-icon avia-iconfont avia-font-fontello' data-av_icon='\ue800' data-av_iconfont='fontello' ><\/span><span class='hr-inner inner-border-av-border-thin'><span class=\"hr-inner-style\"><\/span><\/span><\/div>\n\n<style type=\"text\/css\" data-created_by=\"avia_inline_auto\" id=\"style-css-av-x2zf-328ba95c2d633ec77f5704bd8562d8bc\">\n#top .flex_column.av-x2zf-328ba95c2d633ec77f5704bd8562d8bc{\nmargin-top:30px;\nmargin-bottom:0px;\n}\n.flex_column.av-x2zf-328ba95c2d633ec77f5704bd8562d8bc{\nborder-radius:0px 0px 0px 0px;\npadding:0px 0px 0px 0px;\n}\n.responsive #top #wrap_all .flex_column.av-x2zf-328ba95c2d633ec77f5704bd8562d8bc{\nmargin-top:30px;\nmargin-bottom:0px;\n}\n<\/style>\n<div  class='flex_column av-x2zf-328ba95c2d633ec77f5704bd8562d8bc av_three_fifth  avia-builder-el-4  el_after_av_hr  el_before_av_two_fifth  first flex_column_div av-animated-generic pop-up av-zero-column-padding  '     ><p>\n<style type=\"text\/css\" data-created_by=\"avia_inline_auto\" id=\"style-css-av-av_heading-4325f40be81e1f1dbbd02505336ccd0b\">\n#top .av-special-heading.av-av_heading-4325f40be81e1f1dbbd02505336ccd0b{\npadding-bottom:20px;\n}\nbody .av-special-heading.av-av_heading-4325f40be81e1f1dbbd02505336ccd0b .av-special-heading-tag .heading-char{\nfont-size:25px;\n}\n.av-special-heading.av-av_heading-4325f40be81e1f1dbbd02505336ccd0b .av-subheading{\nfont-size:15px;\n}\n<\/style>\n<div  class='av-special-heading av-av_heading-4325f40be81e1f1dbbd02505336ccd0b av-special-heading-h3 blockquote modern-quote  avia-builder-el-5  el_before_av_hr  avia-builder-el-first '><h3 class='av-special-heading-tag '  >Kontaktformular<\/h3><div class=\"special-heading-border\"><div class=\"special-heading-inner-border\"><\/div><\/div><\/div><br \/>\n\n<style type=\"text\/css\" data-created_by=\"avia_inline_auto\" id=\"style-css-av-k7vomddf-fcf2591cd6d8b3850db3e598341f7cf9\">\n#top .hr.av-k7vomddf-fcf2591cd6d8b3850db3e598341f7cf9{\nmargin-top:10px;\nmargin-bottom:20px;\n}\n.hr.av-k7vomddf-fcf2591cd6d8b3850db3e598341f7cf9 .hr-inner{\nwidth:100px;\nborder-color:#6d6d6d;\n}\n<\/style>\n<div  class='hr av-k7vomddf-fcf2591cd6d8b3850db3e598341f7cf9 hr-custom  avia-builder-el-6  el_after_av_heading  el_before_av_hr  hr-left hr-icon-no'><span class='hr-inner inner-border-av-border-thin'><span class=\"hr-inner-style\"><\/span><\/span><\/div><br \/>\n\n<style type=\"text\/css\" data-created_by=\"avia_inline_auto\" id=\"style-css-av-5ggxf-b714e96adb307197580a74c1c3533e76\">\n#top .hr.hr-invisible.av-5ggxf-b714e96adb307197580a74c1c3533e76{\nheight:15px;\n}\n<\/style>\n<div  class='hr av-5ggxf-b714e96adb307197580a74c1c3533e76 hr-invisible  avia-builder-el-7  el_after_av_hr  el_before_av_textblock '><span class='hr-inner '><span class=\"hr-inner-style\"><\/span><\/span><\/div><br \/>\n<section  class='av_textblock_section av-81x1r-74a5bf41c6ed85244ffe311aeb70b35b '  ><div class='avia_textblock' ><noscript class=\"ninja-forms-noscript-message\">\n\tNotice: JavaScript is required for this content.<\/noscript>\n<div id=\"nf-form-2-cont\" class=\"nf-form-cont\" aria-live=\"polite\" aria-labelledby=\"nf-form-title-2\" aria-describedby=\"nf-form-errors-2\" role=\"form\">\n\n    <div class=\"nf-loading-spinner\"><\/div>\n\n<\/div>\n        <!-- That data is being printed as a workaround to page builders reordering the order of the scripts loaded-->\n        <script>var formDisplay=1;var nfForms=nfForms||[];var form=[];form.id='2';form.settings={\"objectType\":\"Form Setting\",\"editActive\":true,\"title\":\"Formular Kontakt\",\"created_at\":\"2020-03-17 10:43:27\",\"form_title\":\"Email senden und unverbindlich anfragen\",\"default_label_pos\":\"above\",\"show_title\":0,\"clear_complete\":\"0\",\"hide_complete\":\"1\",\"logged_in\":\"0\",\"wrapper_class\":\"\",\"element_class\":\"\",\"key\":\"\",\"add_submit\":\"1\",\"changeEmailErrorMsg\":\"Please enter a valid email address!\",\"changeDateErrorMsg\":\"Please enter a valid date!\",\"confirmFieldErrorMsg\":\"These fields must match!\",\"fieldNumberNumMinError\":\"Number Min Error\",\"fieldNumberNumMaxError\":\"Number Max Error\",\"fieldNumberIncrementBy\":\"Please increment by \",\"formErrorsCorrectErrors\":\"Bitte korrigieren Sie die Fehler, bevor Sie das Formular senden.\",\"validateRequiredField\":\"This is a required field.\",\"honeypotHoneypotError\":\"Honeypot Error\",\"fieldsMarkedRequired\":\"Fields marked with an <span class=\\\"ninja-forms-req-symbol\\\">*<\\\/span> are required\",\"currency\":\"\",\"unique_field_error\":\"A form with this value has already been submitted.\",\"not_logged_in_msg\":\"\",\"sub_limit_msg\":\"The form has reached its submission limit.\",\"calculations\":[],\"formContentData\":[\"vorname_1576248160772\",\"name_1576248169449\",\"firma_1576248175438\",\"telefon_1576248156252\",\"strasse_nr_1576675639714\",\"plz_ort_1576248198759\",\"email_1576248425412\",\"ihre_nachricht_-_kurze_beschreibung_1585060553265\",\"spam_1576248063320\",\"anfrage_senden_1585060612923\"],\"drawerDisabled\":false,\"container_styles_show_advanced_css\":\"0\",\"title_styles_show_advanced_css\":\"0\",\"row_styles_show_advanced_css\":\"0\",\"row-odd_styles_show_advanced_css\":\"0\",\"success-msg_styles_show_advanced_css\":\"0\",\"error_msg_styles_show_advanced_css\":\"0\",\"allow_public_link\":0,\"embed_form\":\"\",\"ninjaForms\":\"Ninja Forms\",\"fieldTextareaRTEInsertLink\":\"Insert Link\",\"fieldTextareaRTEInsertMedia\":\"Insert Media\",\"fieldTextareaRTESelectAFile\":\"Select a file\",\"formHoneypot\":\"If you are a human seeing this field, please leave it empty.\",\"fileUploadOldCodeFileUploadInProgress\":\"File Upload in Progress.\",\"fileUploadOldCodeFileUpload\":\"FILE UPLOAD\",\"currencySymbol\":\"&#36;\",\"thousands_sep\":\",\",\"decimal_point\":\".\",\"siteLocale\":\"en_US\",\"dateFormat\":\"m\\\/d\\\/Y\",\"startOfWeek\":\"1\",\"of\":\"of\",\"previousMonth\":\"Previous Month\",\"nextMonth\":\"Next Month\",\"months\":[\"January\",\"February\",\"March\",\"April\",\"May\",\"June\",\"July\",\"August\",\"September\",\"October\",\"November\",\"December\"],\"monthsShort\":[\"Jan\",\"Feb\",\"Mar\",\"Apr\",\"May\",\"Jun\",\"Jul\",\"Aug\",\"Sep\",\"Oct\",\"Nov\",\"Dec\"],\"weekdays\":[\"Sunday\",\"Monday\",\"Tuesday\",\"Wednesday\",\"Thursday\",\"Friday\",\"Saturday\"],\"weekdaysShort\":[\"Sun\",\"Mon\",\"Tue\",\"Wed\",\"Thu\",\"Fri\",\"Sat\"],\"weekdaysMin\":[\"Su\",\"Mo\",\"Tu\",\"We\",\"Th\",\"Fr\",\"Sa\"],\"recaptchaConsentMissing\":\"reCaptcha validation couldn&#039;t load.\",\"recaptchaMissingCookie\":\"reCaptcha v3 validation couldn&#039;t load the cookie needed to submit the form.\",\"recaptchaConsentEvent\":\"Accept reCaptcha cookies before sending the form.\",\"currency_symbol\":\"\",\"beforeForm\":\"\",\"beforeFields\":\"\",\"afterFields\":\"\",\"afterForm\":\"\"};form.fields=[{\"objectType\":\"Field\",\"objectDomain\":\"fields\",\"editActive\":false,\"order\":1,\"type\":\"textbox\",\"label\":\"Vorname\",\"key\":\"vorname_1576248160772\",\"label_pos\":\"above\",\"required\":1,\"default\":\"\",\"placeholder\":\"\",\"container_class\":\"one-half first\",\"element_class\":\"\",\"input_limit\":\"\",\"input_limit_type\":\"characters\",\"input_limit_msg\":\"Zeichen \\u00fcbrig\",\"manual_key\":\"\",\"admin_label\":\"\",\"help_text\":\"\",\"mask\":\"\",\"custom_mask\":\"\",\"custom_name_attribute\":\"\",\"personally_identifiable\":\"\",\"value\":\"\",\"drawerDisabled\":false,\"wrap_styles_border\":\"\",\"wrap_styles_width\":\"\",\"wrap_styles_margin\":\"\",\"wrap_styles_padding\":\"\",\"wrap_styles_float\":\"\",\"wrap_styles_show_advanced_css\":0,\"label_styles_border\":\"\",\"label_styles_width\":\"\",\"label_styles_font-size\":\"\",\"label_styles_margin\":\"\",\"label_styles_padding\":\"\",\"label_styles_float\":\"\",\"label_styles_show_advanced_css\":0,\"element_styles_border\":\"\",\"element_styles_width\":\"\",\"element_styles_font-size\":\"\",\"element_styles_margin\":\"\",\"element_styles_padding\":\"\",\"element_styles_float\":\"\",\"element_styles_show_advanced_css\":0,\"cellcid\":\"c3336\",\"field_label\":\"Vorname\",\"field_key\":\"vorname_1576248160772\",\"id\":14,\"beforeField\":\"\",\"afterField\":\"\",\"parentType\":\"textbox\",\"element_templates\":[\"textbox\",\"input\"],\"old_classname\":\"\",\"wrap_template\":\"wrap\"},{\"objectType\":\"Field\",\"objectDomain\":\"fields\",\"editActive\":false,\"order\":2,\"type\":\"textbox\",\"label\":\"Name\",\"key\":\"name_1576248169449\",\"label_pos\":\"above\",\"required\":1,\"default\":\"\",\"placeholder\":\"\",\"container_class\":\"one-half last\",\"element_class\":\"\",\"input_limit\":\"\",\"input_limit_type\":\"characters\",\"input_limit_msg\":\"Zeichen \\u00fcbrig\",\"manual_key\":\"\",\"admin_label\":\"\",\"help_text\":\"\",\"mask\":\"\",\"custom_mask\":\"\",\"custom_name_attribute\":\"\",\"personally_identifiable\":\"\",\"value\":\"\",\"wrap_styles_show_advanced_css\":0,\"label_styles_show_advanced_css\":0,\"element_styles_show_advanced_css\":0,\"cellcid\":\"c3339\",\"cellOrder\":1,\"field_label\":\"Name\",\"field_key\":\"name_1576248169449\",\"drawerDisabled\":false,\"id\":15,\"beforeField\":\"\",\"afterField\":\"\",\"parentType\":\"textbox\",\"element_templates\":[\"textbox\",\"input\"],\"old_classname\":\"\",\"wrap_template\":\"wrap\"},{\"objectType\":\"Field\",\"objectDomain\":\"fields\",\"editActive\":false,\"order\":3,\"type\":\"textbox\",\"label\":\"Firma\",\"key\":\"firma_1576248175438\",\"label_pos\":\"above\",\"required\":0,\"default\":\"\",\"placeholder\":\"\",\"container_class\":\"one-half first\",\"element_class\":\"\",\"input_limit\":\"\",\"input_limit_type\":\"characters\",\"input_limit_msg\":\"Zeichen \\u00fcbrig\",\"manual_key\":\"\",\"admin_label\":\"\",\"help_text\":\"\",\"mask\":\"\",\"custom_mask\":\"\",\"custom_name_attribute\":\"\",\"personally_identifiable\":\"\",\"value\":\"\",\"drawerDisabled\":false,\"wrap_styles_show_advanced_css\":0,\"label_styles_show_advanced_css\":0,\"element_styles_show_advanced_css\":0,\"cellcid\":\"c3342\",\"field_label\":\"Firma\",\"field_key\":\"firma_1576248175438\",\"id\":16,\"beforeField\":\"\",\"afterField\":\"\",\"parentType\":\"textbox\",\"element_templates\":[\"textbox\",\"input\"],\"old_classname\":\"\",\"wrap_template\":\"wrap\"},{\"objectType\":\"Field\",\"objectDomain\":\"fields\",\"editActive\":false,\"order\":4,\"type\":\"textbox\",\"label\":\"Telefon\",\"key\":\"telefon_1576248156252\",\"label_pos\":\"above\",\"required\":1,\"default\":\"\",\"placeholder\":\"\",\"container_class\":\"one-half last\",\"element_class\":\"\",\"input_limit\":\"\",\"input_limit_type\":\"characters\",\"input_limit_msg\":\"Zeichen \\u00fcbrig\",\"manual_key\":\"\",\"admin_label\":\"\",\"help_text\":\"\",\"mask\":\"\",\"custom_mask\":\"\",\"custom_name_attribute\":\"\",\"personally_identifiable\":\"\",\"value\":\"\",\"drawerDisabled\":false,\"wrap_styles_show_advanced_css\":0,\"label_styles_show_advanced_css\":0,\"element_styles_show_advanced_css\":0,\"cellcid\":\"c3344\",\"cellOrder\":1,\"field_label\":\"Telefon\",\"field_key\":\"telefon_1576248156252\",\"id\":17,\"beforeField\":\"\",\"afterField\":\"\",\"parentType\":\"textbox\",\"element_templates\":[\"textbox\",\"input\"],\"old_classname\":\"\",\"wrap_template\":\"wrap\"},{\"objectType\":\"Field\",\"objectDomain\":\"fields\",\"editActive\":false,\"order\":5,\"type\":\"textbox\",\"label\":\"Strasse\\\/Nr.\",\"key\":\"strasse_nr_1576675639714\",\"label_pos\":\"above\",\"required\":0,\"default\":\"\",\"placeholder\":\"\",\"container_class\":\"\",\"element_class\":\"\",\"input_limit\":\"\",\"input_limit_type\":\"characters\",\"input_limit_msg\":\"Zeichen \\u00fcbrig\",\"manual_key\":\"\",\"admin_label\":\"\",\"help_text\":\"\",\"mask\":\"\",\"custom_mask\":\"\",\"custom_name_attribute\":\"\",\"personally_identifiable\":\"\",\"value\":\"\",\"drawerDisabled\":\"\",\"wrap_styles_show_advanced_css\":0,\"label_styles_show_advanced_css\":0,\"element_styles_show_advanced_css\":0,\"cellcid\":\"c3347\",\"wrap_styles_border\":\"\",\"wrap_styles_width\":\"\",\"wrap_styles_margin\":\"\",\"wrap_styles_padding\":\"\",\"wrap_styles_float\":\"\",\"label_styles_border\":\"\",\"label_styles_width\":\"\",\"label_styles_font-size\":\"\",\"label_styles_margin\":\"\",\"label_styles_padding\":\"\",\"label_styles_float\":\"\",\"element_styles_border\":\"\",\"element_styles_width\":\"\",\"element_styles_font-size\":\"\",\"element_styles_margin\":\"\",\"element_styles_padding\":\"\",\"element_styles_float\":\"\",\"field_label\":\"Strasse\\\/Nr.\",\"field_key\":\"strasse_nr_1576675639714\",\"id\":18,\"beforeField\":\"\",\"afterField\":\"\",\"parentType\":\"textbox\",\"element_templates\":[\"textbox\",\"input\"],\"old_classname\":\"\",\"wrap_template\":\"wrap\"},{\"objectType\":\"Field\",\"objectDomain\":\"fields\",\"editActive\":false,\"order\":6,\"type\":\"textbox\",\"label\":\"PLZ\\\/Ort\",\"key\":\"plz_ort_1576248198759\",\"label_pos\":\"above\",\"required\":0,\"default\":\"\",\"placeholder\":\"\",\"container_class\":\"\",\"element_class\":\"\",\"input_limit\":\"\",\"input_limit_type\":\"characters\",\"input_limit_msg\":\"Zeichen \\u00fcbrig\",\"manual_key\":\"\",\"admin_label\":\"\",\"help_text\":\"\",\"mask\":\"\",\"custom_mask\":\"\",\"custom_name_attribute\":\"\",\"personally_identifiable\":\"\",\"value\":\"\",\"drawerDisabled\":\"\",\"wrap_styles_show_advanced_css\":0,\"label_styles_show_advanced_css\":0,\"element_styles_show_advanced_css\":0,\"cellcid\":\"c3349\",\"cellOrder\":1,\"field_label\":\"PLZ\\\/Ort\",\"field_key\":\"plz_ort_1576248198759\",\"id\":19,\"beforeField\":\"\",\"afterField\":\"\",\"parentType\":\"textbox\",\"element_templates\":[\"textbox\",\"input\"],\"old_classname\":\"\",\"wrap_template\":\"wrap\"},{\"objectType\":\"Field\",\"objectDomain\":\"fields\",\"editActive\":false,\"order\":8,\"type\":\"email\",\"label\":\"E-Mail\",\"key\":\"email_1576248425412\",\"label_pos\":\"above\",\"required\":1,\"default\":\"\",\"placeholder\":\"\",\"container_class\":\"\",\"element_class\":\"\",\"admin_label\":\"\",\"help_text\":\"\",\"custom_name_attribute\":\"email\",\"personally_identifiable\":1,\"value\":\"\",\"drawerDisabled\":\"\",\"wrap_styles_show_advanced_css\":0,\"label_styles_show_advanced_css\":0,\"element_styles_show_advanced_css\":0,\"cellcid\":\"c3354\",\"cellOrder\":1,\"field_label\":\"E-Mail\",\"field_key\":\"email_1576248425412\",\"id\":21,\"beforeField\":\"\",\"afterField\":\"\",\"parentType\":\"email\",\"element_templates\":[\"email\",\"input\"],\"old_classname\":\"\",\"wrap_template\":\"wrap\"},{\"objectType\":\"Field\",\"objectDomain\":\"fields\",\"editActive\":false,\"order\":9,\"type\":\"textarea\",\"label\":\"Ihre Nachricht - kurze Beschreibung\",\"key\":\"ihre_nachricht_-_kurze_beschreibung_1585060553265\",\"label_pos\":\"above\",\"required\":1,\"default\":\"\",\"placeholder\":\"\",\"container_class\":\"\",\"element_class\":\"\",\"input_limit\":\"\",\"input_limit_type\":\"characters\",\"input_limit_msg\":\"Zeichen \\u00fcbrig\",\"manual_key\":\"\",\"admin_label\":\"\",\"help_text\":\"\",\"textarea_rte\":\"\",\"disable_rte_mobile\":\"\",\"textarea_media\":\"\",\"value\":\"\",\"drawerDisabled\":false,\"wrap_styles_show_advanced_css\":0,\"label_styles_show_advanced_css\":0,\"element_styles_show_advanced_css\":0,\"cellcid\":\"c3357\",\"field_label\":\"Nachricht - kurzer Projektbeschrieb\",\"field_key\":\"nachricht_-_kurzer_projektbeschrieb_1576248233537\",\"id\":22,\"beforeField\":\"\",\"afterField\":\"\",\"parentType\":\"textarea\",\"element_templates\":[\"textarea\",\"input\"],\"old_classname\":\"\",\"wrap_template\":\"wrap\"},{\"objectType\":\"Field\",\"objectDomain\":\"fields\",\"editActive\":false,\"order\":10,\"type\":\"spam\",\"label\":\"Bitte l\\u00f6sen Sie die Gleichung. Diese Massnahme dient der Abwehr von Spam\",\"key\":\"spam_1576248063320\",\"label_pos\":\"above\",\"required\":1,\"default\":\"\",\"placeholder\":\"2 + 5 = ?\",\"container_class\":\"\",\"element_class\":\"\",\"input_limit\":\"\",\"input_limit_type\":\"characters\",\"input_limit_msg\":\"Zeichen \\u00fcbrig\",\"manual_key\":1,\"admin_label\":\"\",\"help_text\":\"\",\"spam_answer\":7,\"value\":\"\",\"drawerDisabled\":false,\"wrap_styles_show_advanced_css\":0,\"label_styles_show_advanced_css\":0,\"element_styles_show_advanced_css\":0,\"cellcid\":\"c3360\",\"field_label\":\"Bitte l\\u00f6sen Sie die Gleichung. Diese Ma\\u00dfnahme dient der Abwehr von Spam\",\"field_key\":\"spam_1576248063320\",\"id\":23,\"beforeField\":\"\",\"afterField\":\"\",\"parentType\":\"spam\",\"element_templates\":[\"textbox\",\"input\"],\"old_classname\":\"\",\"wrap_template\":\"wrap\"},{\"objectType\":\"Field\",\"objectDomain\":\"fields\",\"editActive\":false,\"order\":11,\"type\":\"submit\",\"label\":\"Anfrage senden\",\"processing_label\":\"Processing\",\"container_class\":\"\",\"element_class\":\"\",\"key\":\"anfrage_senden_1585060612923\",\"drawerDisabled\":false,\"wrap_styles_show_advanced_css\":0,\"element_styles_show_advanced_css\":0,\"submit_element_hover_styles_show_advanced_css\":0,\"cellcid\":\"c3363\",\"field_label\":\"Senden\",\"field_key\":\"senden_1576248243562\",\"id\":24,\"beforeField\":\"\",\"afterField\":\"\",\"value\":\"\",\"label_pos\":\"above\",\"parentType\":\"textbox\",\"element_templates\":[\"submit\",\"button\",\"input\"],\"old_classname\":\"\",\"wrap_template\":\"wrap-no-label\"}];nfForms.push(form);<\/script>\n        \n<\/div><\/section><\/p><\/div>\n<style type=\"text\/css\" data-created_by=\"avia_inline_auto\" id=\"style-css-av-rbcf-d565a0cf034134a47032ccad8a605018\">\n#top .flex_column.av-rbcf-d565a0cf034134a47032ccad8a605018{\nmargin-top:30px;\nmargin-bottom:0px;\n}\n.flex_column.av-rbcf-d565a0cf034134a47032ccad8a605018{\nborder-radius:0px 0px 0px 0px;\npadding:0px 0px 0px 0px;\n}\n.responsive #top #wrap_all .flex_column.av-rbcf-d565a0cf034134a47032ccad8a605018{\nmargin-top:30px;\nmargin-bottom:0px;\n}\n<\/style>\n<div  class='flex_column av-rbcf-d565a0cf034134a47032ccad8a605018 av_two_fifth  avia-builder-el-9  el_after_av_three_fifth  el_before_av_heading  flex_column_div av-animated-generic pop-up av-zero-column-padding  '     ><p>\n<style type=\"text\/css\" data-created_by=\"avia_inline_auto\" id=\"style-css-av-av_heading-4e57715738439532823a168ba34f3e7d\">\n#top .av-special-heading.av-av_heading-4e57715738439532823a168ba34f3e7d{\npadding-bottom:20px;\n}\nbody .av-special-heading.av-av_heading-4e57715738439532823a168ba34f3e7d .av-special-heading-tag .heading-char{\nfont-size:25px;\n}\n.av-special-heading.av-av_heading-4e57715738439532823a168ba34f3e7d .av-subheading{\nfont-size:15px;\n}\n<\/style>\n<div  class='av-special-heading av-av_heading-4e57715738439532823a168ba34f3e7d av-special-heading-h3 blockquote modern-quote  avia-builder-el-10  el_before_av_hr  avia-builder-el-first '><h3 class='av-special-heading-tag '  >Adresse <\/h3><div class=\"special-heading-border\"><div class=\"special-heading-inner-border\"><\/div><\/div><\/div><br \/>\n\n<style type=\"text\/css\" data-created_by=\"avia_inline_auto\" id=\"style-css-av-k7vomddf-fcf2591cd6d8b3850db3e598341f7cf9\">\n#top .hr.av-k7vomddf-fcf2591cd6d8b3850db3e598341f7cf9{\nmargin-top:10px;\nmargin-bottom:20px;\n}\n.hr.av-k7vomddf-fcf2591cd6d8b3850db3e598341f7cf9 .hr-inner{\nwidth:100px;\nborder-color:#6d6d6d;\n}\n<\/style>\n<div  class='hr av-k7vomddf-fcf2591cd6d8b3850db3e598341f7cf9 hr-custom  avia-builder-el-11  el_after_av_heading  el_before_av_textblock  hr-left hr-icon-no'><span class='hr-inner inner-border-av-border-thin'><span class=\"hr-inner-style\"><\/span><\/span><\/div><br \/>\n<section  class='av_textblock_section av-68owf-961cb17082816b8a2e1975251c0f82e7 '  ><div class='avia_textblock' ><p><strong>Praxis f\u00fcr Komplement\u00e4rtherapie<\/strong><br \/>\nSylvia Holenstein<br \/>\nMetallstrasse 1<br \/>\n6300 Zug<\/p>\n<p>Tel.: 079 483 96 67<br \/>\nE-Mail: <a href=\"mailto:mail@shiatsu-tcm-holenstein.ch\">mail@shiatsu-tcm-holenstein.ch<\/a><\/p>\n<\/div><\/section><br \/>\n\n<style type=\"text\/css\" data-created_by=\"avia_inline_auto\" id=\"style-css-av-5ggxf-b714e96adb307197580a74c1c3533e76\">\n#top .hr.hr-invisible.av-5ggxf-b714e96adb307197580a74c1c3533e76{\nheight:15px;\n}\n<\/style>\n<div  class='hr av-5ggxf-b714e96adb307197580a74c1c3533e76 hr-invisible  avia-builder-el-13  el_after_av_textblock  el_before_av_hr '><span class='hr-inner '><span class=\"hr-inner-style\"><\/span><\/span><\/div><br \/>\n<div  class='hr av-g3er-6379bd557cf046d8600fa9f81528e37a hr-short  avia-builder-el-14  el_after_av_hr  avia-builder-el-last  hr-left'><span class='hr-inner '><span class=\"hr-inner-style\"><\/span><\/span><\/div><\/p><\/div>\n<style type=\"text\/css\" data-created_by=\"avia_inline_auto\" id=\"style-css-av-av_heading-83821b4770cd6a15494f2dbf024c122c\">\n#top .av-special-heading.av-av_heading-83821b4770cd6a15494f2dbf024c122c{\npadding-bottom:20px;\n}\nbody .av-special-heading.av-av_heading-83821b4770cd6a15494f2dbf024c122c .av-special-heading-tag .heading-char{\nfont-size:25px;\n}\n.av-special-heading.av-av_heading-83821b4770cd6a15494f2dbf024c122c .av-subheading{\nfont-size:15px;\n}\n<\/style>\n<div  class='av-special-heading av-av_heading-83821b4770cd6a15494f2dbf024c122c av-special-heading-h3 blockquote modern-quote  avia-builder-el-15  el_after_av_two_fifth  el_before_av_codeblock '><h3 class='av-special-heading-tag '  >Anfahrt\/Karte<\/h3><div class=\"special-heading-border\"><div class=\"special-heading-inner-border\"><\/div><\/div><\/div>\n\n<\/div><\/div><\/div><!-- close content main div --><\/div><\/div><div id='after_section_1'  class='main_color av_default_container_wrap container_wrap sidebar_left'  ><div class='container av-section-cont-open' ><div class='template-page content  av-content-small units'><div class='post-entry post-entry-type-page post-entry-15'><div class='entry-content-wrapper clearfix'>\n","protected":false},"excerpt":{"rendered":"","protected":false},"author":1,"featured_media":0,"parent":0,"menu_order":5,"comment_status":"closed","ping_status":"closed","template":"","meta":{"_acf_changed":false,"_seopress_robots_primary_cat":"","_seopress_titles_title":"Praxis f\u00fcr Komplement\u00e4rtherapie, Sylvia Holenstein","_seopress_titles_desc":"Praxis f\u00fcr Komplement\u00e4rtherapie, Sylvia Holenstein","_seopress_robots_index":"","footnotes":""},"folder":[],"class_list":["post-15","page","type-page","status-publish","hentry"],"acf":[],"_links":{"self":[{"href":"https:\/\/shiatsu-tcm-holenstein.ch\/en\/wp-json\/wp\/v2\/pages\/15","targetHints":{"allow":["GET"]}}],"collection":[{"href":"https:\/\/shiatsu-tcm-holenstein.ch\/en\/wp-json\/wp\/v2\/pages"}],"about":[{"href":"https:\/\/shiatsu-tcm-holenstein.ch\/en\/wp-json\/wp\/v2\/types\/page"}],"author":[{"embeddable":true,"href":"https:\/\/shiatsu-tcm-holenstein.ch\/en\/wp-json\/wp\/v2\/users\/1"}],"replies":[{"embeddable":true,"href":"https:\/\/shiatsu-tcm-holenstein.ch\/en\/wp-json\/wp\/v2\/comments?post=15"}],"version-history":[{"count":5,"href":"https:\/\/shiatsu-tcm-holenstein.ch\/en\/wp-json\/wp\/v2\/pages\/15\/revisions"}],"predecessor-version":[{"id":13748,"href":"https:\/\/shiatsu-tcm-holenstein.ch\/en\/wp-json\/wp\/v2\/pages\/15\/revisions\/13748"}],"wp:attachment":[{"href":"https:\/\/shiatsu-tcm-holenstein.ch\/en\/wp-json\/wp\/v2\/media?parent=15"}],"wp:term":[{"taxonomy":"folder","embeddable":true,"href":"https:\/\/shiatsu-tcm-holenstein.ch\/en\/wp-json\/wp\/v2\/folder?post=15"}],"curies":[{"name":"wp","href":"https:\/\/api.w.org\/{rel}","templated":true}]}}