{"id":3040,"date":"2020-03-02T18:02:19","date_gmt":"2020-03-02T17:02:19","guid":{"rendered":"https:\/\/www.bardill-sport.ch\/?page_id=3040"},"modified":"2023-08-27T12:35:44","modified_gmt":"2023-08-27T10:35:44","slug":"imprint","status":"publish","type":"page","link":"https:\/\/shiatsu-tcm-holenstein.ch\/en\/impressum\/","title":{"rendered":"Imprint"},"content":{"rendered":"<div id='av_section_1'  class='avia-section av-k14xv3ee-0ab8a3e32e9b0c35d4927708e0a991ce main_color avia-section-huge avia-no-border-styling  avia-builder-el-0  avia-builder-el-no-sibling  avia-bg-style-scroll container_wrap sidebar_left'  ><div class='container av-section-cont-open' ><main  class='template-page content  av-content-small units'><div class='post-entry post-entry-type-page post-entry-3040'><div class='entry-content-wrapper clearfix'>\n\n<style type=\"text\/css\" data-created_by=\"avia_inline_auto\" id=\"style-css-av-2pk5j4-5c97b111b3b7fedab3c75c6bae9093b4\">\n#top .av-special-heading.av-2pk5j4-5c97b111b3b7fedab3c75c6bae9093b4{\npadding-bottom:10px;\n}\nbody .av-special-heading.av-2pk5j4-5c97b111b3b7fedab3c75c6bae9093b4 .av-special-heading-tag .heading-char{\nfont-size:25px;\n}\n.av-special-heading.av-2pk5j4-5c97b111b3b7fedab3c75c6bae9093b4 .av-subheading{\nfont-size:30px;\n}\n<\/style>\n<div  class='av-special-heading av-2pk5j4-5c97b111b3b7fedab3c75c6bae9093b4 av-special-heading-h1 blockquote modern-quote modern-centered  avia-builder-el-1  el_before_av_hr  avia-builder-el-first  av-linked-heading'><h1 class='av-special-heading-tag'  >Imprint<\/h1><div class='av-subheading av-subheading_below'><p>Practice for complementary therapy<\/p>\n<\/div><div class=\"special-heading-border\"><div class=\"special-heading-inner-border\"><\/div><\/div><\/div>\n\n<style type=\"text\/css\" data-created_by=\"avia_inline_auto\" id=\"style-css-av-x9b4-09983e87409b6e7bb5f589843b056ae1\">\n#top .hr.av-x9b4-09983e87409b6e7bb5f589843b056ae1{\nmargin-top:30px;\nmargin-bottom:30px;\n}\n.hr.av-x9b4-09983e87409b6e7bb5f589843b056ae1 .hr-inner{\nwidth:150px;\nborder-color:#6d6d6d;\nmax-width:45%;\n}\n<\/style>\n<div  class='hr av-x9b4-09983e87409b6e7bb5f589843b056ae1 hr-custom  avia-builder-el-2  el_after_av_heading  el_before_av_one_half  hr-center hr-icon-yes'><span class='hr-inner inner-border-av-border-thin'><span class=\"hr-inner-style\"><\/span><\/span><span class='av-seperator-icon avia-iconfont avia-font-fontello' data-av_icon='\ue800' data-av_iconfont='fontello' ><\/span><span class='hr-inner inner-border-av-border-thin'><span class=\"hr-inner-style\"><\/span><\/span><\/div>\n\n<style type=\"text\/css\" data-created_by=\"avia_inline_auto\" id=\"style-css-av-k14yxnv2-01baf7a544fe05975502004a87dc3f1c\">\n#top .flex_column.av-k14yxnv2-01baf7a544fe05975502004a87dc3f1c{\nmargin-top:30px;\nmargin-bottom:0px;\n}\n.flex_column.av-k14yxnv2-01baf7a544fe05975502004a87dc3f1c{\nborder-radius:0px 0px 0px 0px;\npadding:0px 0px 0px 0px;\n}\n.responsive #top #wrap_all .flex_column.av-k14yxnv2-01baf7a544fe05975502004a87dc3f1c{\nmargin-top:30px;\nmargin-bottom:0px;\n}\n<\/style>\n<div  class='flex_column av-k14yxnv2-01baf7a544fe05975502004a87dc3f1c av_one_half  avia-builder-el-3  el_after_av_hr  el_before_av_one_half  first flex_column_div av-zero-column-padding'     ><section  class='av_textblock_section av-k7apzeds-cbd44a02de3f6e21bdaa0e2048063c22'  ><div class='avia_textblock' ><h3>Responsible for the content<\/h3>\n<p><strong>Practice for complementary therapy<\/strong><br \/>\nSylvia Holenstein<br \/>\nMetallstrasse 1<br \/>\n6300 Zug<br \/>\nTel.: 079 483 96 67<br \/>\nEmail: <a href=\"mailto:mail@shiatsu-tcm-holenstein.ch\">mail@shiatsu-tcm-holenstein.ch<\/a><\/p>\n<hr \/>\n<h3>Web realization<\/h3>\n<p>Consulting, technical concept, design, programming and hosting of this website:<\/p>\n<p><strong>aretis\u00ae web agency<\/strong><br \/>\nMorgartenstrasse 6<br \/>\n8004 Zurich<br \/>\n<a href=\"http:\/\/www.aretis.ch\">www.aretis.ch<\/a><\/p>\n<\/div><\/section><\/div>\n<style type=\"text\/css\" data-created_by=\"avia_inline_auto\" id=\"style-css-av-k14yxnv2-dc753655f9dd930e6cf41610e49aa966\">\n#top .flex_column.av-k14yxnv2-dc753655f9dd930e6cf41610e49aa966{\nmargin-top:30px;\nmargin-bottom:0px;\n}\n.flex_column.av-k14yxnv2-dc753655f9dd930e6cf41610e49aa966{\nborder-radius:0px 0px 0px 0px;\npadding:0px 0px 0px 0px;\n}\n.responsive #top #wrap_all .flex_column.av-k14yxnv2-dc753655f9dd930e6cf41610e49aa966{\nmargin-top:30px;\nmargin-bottom:0px;\n}\n<\/style>\n<div  class='flex_column av-k14yxnv2-dc753655f9dd930e6cf41610e49aa966 av_one_half  avia-builder-el-5  el_after_av_one_half  avia-builder-el-last  flex_column_div av-zero-column-padding'     ><section  class='av_textblock_section av-k7apzeds-bfbb7f236c48f28ba5da44e31ea2394b'  ><div class='avia_textblock' ><div class=\"flRight\">\n<div class=\"text\">\n<h3>Disclaimer<\/h3>\n<p>The author assumes no responsibility for the correctness, accuracy, timeliness, reliability and completeness of the information.<\/p>\n<p>Liability claims regarding damage caused by the use of any information provided, including any kind of information which is incomplete or incorrect, will therefore be rejected.<\/p>\n<p>All offers are non-binding. The author expressly reserves the right to change, supplement or delete parts of the pages or the entire offer without prior notice or to discontinue publication temporarily or permanently.<\/p>\n<hr \/>\n<h3>Liability for links<\/h3>\n<p>References and links to third party websites are outside our area of responsibility. Any responsibility for such websites is declined. Access and use of such websites is at the user's own risk.<\/p>\n<hr \/>\n<h3>Copyrights<\/h3>\n<p>The copyright and all other rights to the content, images, photos or other files on the website belong exclusively to Sylvia Holenstein or the specifically named copyright holders. For the reproduction of any elements, the written consent of the copyright holders must be obtained in advance.<\/p>\n<hr \/>\n<h3>Privacy<\/h3>\n<p>Sylvia Holenstein sticks to the current <a href=\"https:\/\/shiatsu-tcm-holenstein.ch\/en\/data-protection\/\">Data Protection Act<\/a>.<\/p>\n<\/div>\n<\/div>\n<\/div><\/section><\/div><\/div><\/div><\/main><!-- close content main element --><\/div><\/div><div id='after_section_1'  class='main_color av_default_container_wrap container_wrap sidebar_left'  ><div class='container av-section-cont-open' ><div class='template-page content  av-content-small units'><div class='post-entry post-entry-type-page post-entry-3040'><div class='entry-content-wrapper clearfix'>","protected":false},"excerpt":{"rendered":"","protected":false},"author":1,"featured_media":0,"parent":0,"menu_order":0,"comment_status":"closed","ping_status":"closed","template":"","meta":{"_acf_changed":false,"_seopress_robots_primary_cat":"","_seopress_titles_title":"Impressum Sylvia Holenstein, Praxis f\u00fcr Komplement\u00e4rtherapie in Zug","_seopress_titles_desc":"Impressum Sylvia Holenstein, Praxis f\u00fcr Komplement\u00e4rtherapie in Zug","_seopress_robots_index":"","footnotes":""},"folder":[],"class_list":["post-3040","page","type-page","status-publish","hentry"],"acf":[],"_links":{"self":[{"href":"https:\/\/shiatsu-tcm-holenstein.ch\/en\/wp-json\/wp\/v2\/pages\/3040","targetHints":{"allow":["GET"]}}],"collection":[{"href":"https:\/\/shiatsu-tcm-holenstein.ch\/en\/wp-json\/wp\/v2\/pages"}],"about":[{"href":"https:\/\/shiatsu-tcm-holenstein.ch\/en\/wp-json\/wp\/v2\/types\/page"}],"author":[{"embeddable":true,"href":"https:\/\/shiatsu-tcm-holenstein.ch\/en\/wp-json\/wp\/v2\/users\/1"}],"replies":[{"embeddable":true,"href":"https:\/\/shiatsu-tcm-holenstein.ch\/en\/wp-json\/wp\/v2\/comments?post=3040"}],"version-history":[{"count":5,"href":"https:\/\/shiatsu-tcm-holenstein.ch\/en\/wp-json\/wp\/v2\/pages\/3040\/revisions"}],"predecessor-version":[{"id":13775,"href":"https:\/\/shiatsu-tcm-holenstein.ch\/en\/wp-json\/wp\/v2\/pages\/3040\/revisions\/13775"}],"wp:attachment":[{"href":"https:\/\/shiatsu-tcm-holenstein.ch\/en\/wp-json\/wp\/v2\/media?parent=3040"}],"wp:term":[{"taxonomy":"folder","embeddable":true,"href":"https:\/\/shiatsu-tcm-holenstein.ch\/en\/wp-json\/wp\/v2\/folder?post=3040"}],"curies":[{"name":"wp","href":"https:\/\/api.w.org\/{rel}","templated":true}]}}