{"id":3251,"date":"2019-10-23T14:10:49","date_gmt":"2019-10-23T12:10:49","guid":{"rendered":"http:\/\/sanitaer.aretis.ch\/?page_id=3251"},"modified":"2020-04-03T13:52:45","modified_gmt":"2020-04-03T11:52:45","slug":"download","status":"publish","type":"page","link":"https:\/\/shiatsu-tcm-holenstein.ch\/en\/download\/","title":{"rendered":"Downloads"},"content":{"rendered":"<style type=\"text\/css\" data-created_by=\"avia_inline_auto\" id=\"style-css-av-46gy83-292ab3b6855b87a1fac994fe89519233\">\n.avia-section.av-46gy83-292ab3b6855b87a1fac994fe89519233{\nbackground-color:#f7f7f7;\nbackground-image:unset;\n}\n<\/style>\n<div id='av_section_1'  class='avia-section av-46gy83-292ab3b6855b87a1fac994fe89519233 main_color avia-section-huge avia-no-border-styling  avia-builder-el-0  avia-builder-el-no-sibling  avia-bg-style-scroll container_wrap sidebar_left'  ><div class='container av-section-cont-open' ><main  class='template-page content  av-content-small units'><div class='post-entry post-entry-type-page post-entry-3251'><div class='entry-content-wrapper clearfix'>\n\n<style type=\"text\/css\" data-created_by=\"avia_inline_auto\" id=\"style-css-av-av_heading-db0c5dcdb62d7cf8f323af4bc5d79186\">\n#top .av-special-heading.av-av_heading-db0c5dcdb62d7cf8f323af4bc5d79186{\npadding-bottom:10px;\ncolor:#1f2252;\n}\nbody .av-special-heading.av-av_heading-db0c5dcdb62d7cf8f323af4bc5d79186 .av-special-heading-tag .heading-char{\nfont-size:25px;\n}\n.av-special-heading.av-av_heading-db0c5dcdb62d7cf8f323af4bc5d79186 .special-heading-inner-border{\nborder-color:#1f2252;\n}\n.av-special-heading.av-av_heading-db0c5dcdb62d7cf8f323af4bc5d79186 .av-subheading{\nfont-size:27px;\n}\n<\/style>\n<div  class='av-special-heading av-av_heading-db0c5dcdb62d7cf8f323af4bc5d79186 av-special-heading-h1 custom-color-heading blockquote modern-quote modern-centered  avia-builder-el-1  el_before_av_hr  avia-builder-el-first  av-linked-heading'><h1 class='av-special-heading-tag'  >Brochures and data sheets<\/h1><div class='av_custom_color av-subheading av-subheading_below'><p>Available for download<\/p>\n<\/div><div class=\"special-heading-border\"><div class=\"special-heading-inner-border\"><\/div><\/div><\/div>\n\n<style type=\"text\/css\" data-created_by=\"avia_inline_auto\" id=\"style-css-av-atwmv7-314f7f29b17ea01c1d06ecadaf7b0113\">\n#top .hr.av-atwmv7-314f7f29b17ea01c1d06ecadaf7b0113{\nmargin-top:30px;\nmargin-bottom:60px;\n}\n.hr.av-atwmv7-314f7f29b17ea01c1d06ecadaf7b0113 .hr-inner{\nwidth:150px;\nborder-color:#000000;\nmax-width:45%;\n}\n<\/style>\n<div  class='hr av-atwmv7-314f7f29b17ea01c1d06ecadaf7b0113 hr-custom  avia-builder-el-2  el_after_av_heading  el_before_av_one_third  hr-center hr-icon-yes'><span class='hr-inner inner-border-av-border-thin'><span class=\"hr-inner-style\"><\/span><\/span><span class='av-seperator-icon avia-iconfont avia-font-fontello' data-av_icon='\ue800' data-av_iconfont='fontello' ><\/span><span class='hr-inner inner-border-av-border-thin'><span class=\"hr-inner-style\"><\/span><\/span><\/div>\n\n<style type=\"text\/css\" data-created_by=\"avia_inline_auto\" id=\"style-css-av-k1w21hqg-f16396cdcab6f730903eed5d7ff81158\">\n.flex_column.av-k1w21hqg-f16396cdcab6f730903eed5d7ff81158{\nborder-width:2px;\nborder-color:#ffffff;\nborder-style:solid;\nborder-radius:0px 0px 0px 0px;\npadding:3px 3px 18px 3px;\nbackground-color:#d1d1d1;\n}\n<\/style>\n<div  class='flex_column av-k1w21hqg-f16396cdcab6f730903eed5d7ff81158 av_one_third  avia-builder-el-3  el_after_av_hr  el_before_av_one_third  first flex_column_div av-animated-generic left-to-right'     ><p>\n<style type=\"text\/css\" data-created_by=\"avia_inline_auto\" id=\"style-css-av-av_heading-2ac7a40a4270bf98f7dcd11a594f04b0\">\n#top .av-special-heading.av-av_heading-2ac7a40a4270bf98f7dcd11a594f04b0{\nmargin:20px 0 20px 0;\npadding-bottom:10px;\n}\nbody .av-special-heading.av-av_heading-2ac7a40a4270bf98f7dcd11a594f04b0 .av-special-heading-tag .heading-char{\nfont-size:25px;\n}\n.av-special-heading.av-av_heading-2ac7a40a4270bf98f7dcd11a594f04b0 .av-subheading{\nfont-size:15px;\n}\n<\/style>\n<div  class='av-special-heading av-av_heading-2ac7a40a4270bf98f7dcd11a594f04b0 av-special-heading-h4 blockquote modern-quote modern-centered  avia-builder-el-4  el_before_av_image  avia-builder-el-first  av-linked-heading'><h4 class='av-special-heading-tag'  >What is QiGong<\/h4><div class='av-subheading av-subheading_below'><p>Adobe Acrobat document 104.8 KB<\/p>\n<\/div><div class=\"special-heading-border\"><div class=\"special-heading-inner-border\"><\/div><\/div><\/div><br \/>\n\n<style type=\"text\/css\" data-created_by=\"avia_inline_auto\" id=\"style-css-av-12j0jyb-c10c1f24e51744ac8c774b8d570b3015\">\n.avia-image-container.av-12j0jyb-c10c1f24e51744ac8c774b8d570b3015 img.avia_image{\nbox-shadow:none;\n}\n.avia-image-container.av-12j0jyb-c10c1f24e51744ac8c774b8d570b3015 .av-image-caption-overlay-center{\ncolor:#ffffff;\n}\n<\/style>\n<div  class='avia-image-container av-12j0jyb-c10c1f24e51744ac8c774b8d570b3015 av-styling- avia-align-center  avia-builder-el-5  el_after_av_heading  el_before_av_hr'  ><div class=\"avia-image-container-inner\"><div class=\"avia-image-overlay-wrap\"><img decoding=\"async\" fetchpriority=\"high\" class='wp-image-13335 avia-img-lazy-loading-not-13335 avia_image' src=\"https:\/\/shiatsu-tcm-holenstein.ch\/wp-content\/uploads\/2020\/04\/QiGong.jpg\" alt='' title='QiGong'  height=\"300\" width=\"213\"  \/><\/div><\/div><\/div><br \/>\n\n<style type=\"text\/css\" data-created_by=\"avia_inline_auto\" id=\"style-css-av-k7w06jhl-1eb5b4180867be32e0246d6c5f7a23f1\">\n#top .hr.hr-invisible.av-k7w06jhl-1eb5b4180867be32e0246d6c5f7a23f1{\nheight:12px;\n}\n<\/style>\n<div  class='hr av-k7w06jhl-1eb5b4180867be32e0246d6c5f7a23f1 hr-invisible  avia-builder-el-6  el_after_av_image  el_before_av_button'><span class='hr-inner'><span class=\"hr-inner-style\"><\/span><\/span><\/div><br \/>\n<div  class='avia-button-wrap av-k1w246wi-d97d7333a0b78aa57286408329a19976-wrap avia-button-center  avia-builder-el-7  el_after_av_hr  avia-builder-el-last'>\n<style type=\"text\/css\" data-created_by=\"avia_inline_auto\" id=\"style-css-av-k1w246wi-d97d7333a0b78aa57286408329a19976\">\n#top #wrap_all .avia-button.av-k1w246wi-d97d7333a0b78aa57286408329a19976{\nbackground-color:#45476f;\nborder-color:#45476f;\ncolor:#ffffff;\ntransition:all 0.4s ease-in-out;\n}\n#top #wrap_all .avia-button.av-k1w246wi-d97d7333a0b78aa57286408329a19976 .avia-svg-icon svg:first-child{\nfill:#ffffff;\nstroke:#ffffff;\n}\n<\/style>\n<a href='https:\/\/shiatsu-tcm-holenstein.ch\/wp-content\/uploads\/2020\/04\/Was-ist-QiGong.pdf'  class='avia-button av-k1w246wi-d97d7333a0b78aa57286408329a19976 av-link-btn avia-icon_select-yes-left-icon avia-size-small avia-position-center'  target=\"_blank\"  rel=\"noopener noreferrer\"  aria-label=\"Leaflet (PDF)\"><span class='avia_button_icon avia_button_icon_left avia-iconfont avia-font-entypo-fontello' data-av_icon='\ue82d' data-av_iconfont='entypo-fontello' ><\/span><span class='avia_iconbox_title' >Leaflet (PDF)<\/span><\/a><\/div><\/p><\/div>\n<style type=\"text\/css\" data-created_by=\"avia_inline_auto\" id=\"style-css-av-k1w21hqg-cec4ff181f05edf3759b3aa5d499bcc3\">\n.flex_column.av-k1w21hqg-cec4ff181f05edf3759b3aa5d499bcc3{\nborder-width:2px;\nborder-color:#ffffff;\nborder-style:solid;\nborder-radius:0px 0px 0px 0px;\npadding:3px 3px 18px 3px;\nbackground-color:#d1d1d1;\n}\n<\/style>\n<div  class='flex_column av-k1w21hqg-cec4ff181f05edf3759b3aa5d499bcc3 av_one_third  avia-builder-el-8  el_after_av_one_third  el_before_av_one_third  flex_column_div av-animated-generic left-to-right'     ><p>\n<style type=\"text\/css\" data-created_by=\"avia_inline_auto\" id=\"style-css-av-av_heading-e4d84251443ac6af93f2608170eccb72\">\n#top .av-special-heading.av-av_heading-e4d84251443ac6af93f2608170eccb72{\nmargin:20px 0 20px 0;\npadding-bottom:10px;\n}\nbody .av-special-heading.av-av_heading-e4d84251443ac6af93f2608170eccb72 .av-special-heading-tag .heading-char{\nfont-size:25px;\n}\n.av-special-heading.av-av_heading-e4d84251443ac6af93f2608170eccb72 .av-subheading{\nfont-size:15px;\n}\n<\/style>\n<div  class='av-special-heading av-av_heading-e4d84251443ac6af93f2608170eccb72 av-special-heading-h4 blockquote modern-quote modern-centered  avia-builder-el-9  el_before_av_image  avia-builder-el-first  av-linked-heading'><h4 class='av-special-heading-tag'  >Shiatsu for burnout<\/h4><div class='av-subheading av-subheading_below'><p>Adobe Acrobat document 2.0 MB<\/p>\n<\/div><div class=\"special-heading-border\"><div class=\"special-heading-inner-border\"><\/div><\/div><\/div><br \/>\n\n<style type=\"text\/css\" data-created_by=\"avia_inline_auto\" id=\"style-css-av-12j0jyb-f1fb82acb6961e99c686e8dafb107edc\">\n.avia-image-container.av-12j0jyb-f1fb82acb6961e99c686e8dafb107edc img.avia_image{\nbox-shadow:none;\n}\n.avia-image-container.av-12j0jyb-f1fb82acb6961e99c686e8dafb107edc .av-image-caption-overlay-center{\ncolor:#ffffff;\n}\n<\/style>\n<div  class='avia-image-container av-12j0jyb-f1fb82acb6961e99c686e8dafb107edc av-styling- avia-align-center  avia-builder-el-10  el_after_av_heading  el_before_av_hr'  ><div class=\"avia-image-container-inner\"><div class=\"avia-image-overlay-wrap\"><img decoding=\"async\" fetchpriority=\"high\" class='wp-image-5126 avia-img-lazy-loading-not-5126 avia_image' src=\"https:\/\/shiatsu-tcm-holenstein.ch\/wp-content\/uploads\/2020\/03\/Donwnload2-213x300.jpg\" alt='' title='Donwnload2'  height=\"300\" width=\"213\" srcset=\"https:\/\/shiatsu-tcm-holenstein.ch\/wp-content\/uploads\/2020\/03\/Donwnload2-213x300.jpg 213w, https:\/\/shiatsu-tcm-holenstein.ch\/wp-content\/uploads\/2020\/03\/Donwnload2.jpg 450w\" sizes=\"(max-width: 213px) 100vw, 213px\" \/><\/div><\/div><\/div><br \/>\n\n<style type=\"text\/css\" data-created_by=\"avia_inline_auto\" id=\"style-css-av-k7w06jhl-1eb5b4180867be32e0246d6c5f7a23f1\">\n#top .hr.hr-invisible.av-k7w06jhl-1eb5b4180867be32e0246d6c5f7a23f1{\nheight:12px;\n}\n<\/style>\n<div  class='hr av-k7w06jhl-1eb5b4180867be32e0246d6c5f7a23f1 hr-invisible  avia-builder-el-11  el_after_av_image  el_before_av_button'><span class='hr-inner'><span class=\"hr-inner-style\"><\/span><\/span><\/div><br \/>\n<div  class='avia-button-wrap av-k1w246wi-0577ea3e9ce6f51744324ba3dd67b5a4-wrap avia-button-center  avia-builder-el-12  el_after_av_hr  avia-builder-el-last'>\n<style type=\"text\/css\" data-created_by=\"avia_inline_auto\" id=\"style-css-av-k1w246wi-0577ea3e9ce6f51744324ba3dd67b5a4\">\n#top #wrap_all .avia-button.av-k1w246wi-0577ea3e9ce6f51744324ba3dd67b5a4{\nbackground-color:#45476f;\nborder-color:#45476f;\ncolor:#ffffff;\ntransition:all 0.4s ease-in-out;\n}\n#top #wrap_all .avia-button.av-k1w246wi-0577ea3e9ce6f51744324ba3dd67b5a4 .avia-svg-icon svg:first-child{\nfill:#ffffff;\nstroke:#ffffff;\n}\n<\/style>\n<a href='https:\/\/shiatsu-tcm-holenstein.ch\/wp-content\/uploads\/2020\/03\/Shiatsu-bei-Burnout.pdf'  class='avia-button av-k1w246wi-0577ea3e9ce6f51744324ba3dd67b5a4 av-link-btn avia-icon_select-yes-left-icon avia-size-small avia-position-center'  target=\"_blank\"  rel=\"noopener noreferrer\"  aria-label=\"Leaflet (PDF)\"><span class='avia_button_icon avia_button_icon_left avia-iconfont avia-font-entypo-fontello' data-av_icon='\ue82d' data-av_iconfont='entypo-fontello' ><\/span><span class='avia_iconbox_title' >Leaflet (PDF)<\/span><\/a><\/div><\/p><\/div>\n<style type=\"text\/css\" data-created_by=\"avia_inline_auto\" id=\"style-css-av-k1w21hqg-cec4ff181f05edf3759b3aa5d499bcc3\">\n.flex_column.av-k1w21hqg-cec4ff181f05edf3759b3aa5d499bcc3{\nborder-width:2px;\nborder-color:#ffffff;\nborder-style:solid;\nborder-radius:0px 0px 0px 0px;\npadding:3px 3px 18px 3px;\nbackground-color:#d1d1d1;\n}\n<\/style>\n<div  class='flex_column av-k1w21hqg-cec4ff181f05edf3759b3aa5d499bcc3 av_one_third  avia-builder-el-13  el_after_av_one_third  el_before_av_one_third  flex_column_div av-animated-generic left-to-right'     ><p>\n<style type=\"text\/css\" data-created_by=\"avia_inline_auto\" id=\"style-css-av-av_heading-3e49bab7535c4a1cfd7ef4b3b62fe5e9\">\n#top .av-special-heading.av-av_heading-3e49bab7535c4a1cfd7ef4b3b62fe5e9{\nmargin:20px 0 20px 0;\npadding-bottom:10px;\n}\nbody .av-special-heading.av-av_heading-3e49bab7535c4a1cfd7ef4b3b62fe5e9 .av-special-heading-tag .heading-char{\nfont-size:25px;\n}\n.av-special-heading.av-av_heading-3e49bab7535c4a1cfd7ef4b3b62fe5e9 .av-subheading{\nfont-size:15px;\n}\n<\/style>\n<div  class='av-special-heading av-av_heading-3e49bab7535c4a1cfd7ef4b3b62fe5e9 av-special-heading-h4 blockquote modern-quote modern-centered  avia-builder-el-14  el_before_av_image  avia-builder-el-first  av-linked-heading'><h4 class='av-special-heading-tag'  >Shiatsu in the clinic Wil<\/h4><div class='av-subheading av-subheading_below'><p>Adobe Acrobat document 132.6 KB<\/p>\n<\/div><div class=\"special-heading-border\"><div class=\"special-heading-inner-border\"><\/div><\/div><\/div><br \/>\n\n<style type=\"text\/css\" data-created_by=\"avia_inline_auto\" id=\"style-css-av-12j0jyb-1f98e4a1ad706c60ce66fde22ac30ce3\">\n.avia-image-container.av-12j0jyb-1f98e4a1ad706c60ce66fde22ac30ce3 img.avia_image{\nbox-shadow:none;\n}\n.avia-image-container.av-12j0jyb-1f98e4a1ad706c60ce66fde22ac30ce3 .av-image-caption-overlay-center{\ncolor:#ffffff;\n}\n<\/style>\n<div  class='avia-image-container av-12j0jyb-1f98e4a1ad706c60ce66fde22ac30ce3 av-styling- avia-align-center  avia-builder-el-15  el_after_av_heading  el_before_av_hr'  ><div class=\"avia-image-container-inner\"><div class=\"avia-image-overlay-wrap\"><img decoding=\"async\" fetchpriority=\"high\" class='wp-image-5127 avia-img-lazy-loading-not-5127 avia_image' src=\"https:\/\/shiatsu-tcm-holenstein.ch\/wp-content\/uploads\/2020\/03\/Download4-213x300.jpg\" alt='' title='Download4'  height=\"300\" width=\"213\" srcset=\"https:\/\/shiatsu-tcm-holenstein.ch\/wp-content\/uploads\/2020\/03\/Download4-213x300.jpg 213w, https:\/\/shiatsu-tcm-holenstein.ch\/wp-content\/uploads\/2020\/03\/Download4.jpg 450w\" sizes=\"(max-width: 213px) 100vw, 213px\" \/><\/div><\/div><\/div><br \/>\n\n<style type=\"text\/css\" data-created_by=\"avia_inline_auto\" id=\"style-css-av-k7w06jhl-1eb5b4180867be32e0246d6c5f7a23f1\">\n#top .hr.hr-invisible.av-k7w06jhl-1eb5b4180867be32e0246d6c5f7a23f1{\nheight:12px;\n}\n<\/style>\n<div  class='hr av-k7w06jhl-1eb5b4180867be32e0246d6c5f7a23f1 hr-invisible  avia-builder-el-16  el_after_av_image  el_before_av_button'><span class='hr-inner'><span class=\"hr-inner-style\"><\/span><\/span><\/div><br \/>\n<div  class='avia-button-wrap av-k1w246wi-2283fd9f9b4af898b07fcb0ce33d64de-wrap avia-button-center  avia-builder-el-17  el_after_av_hr  avia-builder-el-last'>\n<style type=\"text\/css\" data-created_by=\"avia_inline_auto\" id=\"style-css-av-k1w246wi-2283fd9f9b4af898b07fcb0ce33d64de\">\n#top #wrap_all .avia-button.av-k1w246wi-2283fd9f9b4af898b07fcb0ce33d64de{\nbackground-color:#45476f;\nborder-color:#45476f;\ncolor:#ffffff;\ntransition:all 0.4s ease-in-out;\n}\n#top #wrap_all .avia-button.av-k1w246wi-2283fd9f9b4af898b07fcb0ce33d64de .avia-svg-icon svg:first-child{\nfill:#ffffff;\nstroke:#ffffff;\n}\n<\/style>\n<a href='https:\/\/shiatsu-tcm-holenstein.ch\/wp-content\/uploads\/2020\/03\/Shiatsu-in-der-Klinik-Wil-.pdf'  class='avia-button av-k1w246wi-2283fd9f9b4af898b07fcb0ce33d64de av-link-btn avia-icon_select-yes-left-icon avia-size-small avia-position-center'  target=\"_blank\"  rel=\"noopener noreferrer\"  aria-label=\"Leaflet (PDF)\"><span class='avia_button_icon avia_button_icon_left avia-iconfont avia-font-entypo-fontello' data-av_icon='\ue82d' data-av_iconfont='entypo-fontello' ><\/span><span class='avia_iconbox_title' >Leaflet (PDF)<\/span><\/a><\/div><\/p><\/div>\n<style type=\"text\/css\" data-created_by=\"avia_inline_auto\" id=\"style-css-av-k1w21hqg-f16396cdcab6f730903eed5d7ff81158\">\n.flex_column.av-k1w21hqg-f16396cdcab6f730903eed5d7ff81158{\nborder-width:2px;\nborder-color:#ffffff;\nborder-style:solid;\nborder-radius:0px 0px 0px 0px;\npadding:3px 3px 18px 3px;\nbackground-color:#d1d1d1;\n}\n<\/style>\n<div  class='flex_column av-k1w21hqg-f16396cdcab6f730903eed5d7ff81158 av_one_third  avia-builder-el-18  el_after_av_one_third  el_before_av_one_third  first flex_column_div av-animated-generic left-to-right  column-top-margin'     ><p>\n<style type=\"text\/css\" data-created_by=\"avia_inline_auto\" id=\"style-css-av-av_heading-95e1853694b91b3c8c75c2bc84252b57\">\n#top .av-special-heading.av-av_heading-95e1853694b91b3c8c75c2bc84252b57{\nmargin:20px 0 20px 0;\npadding-bottom:10px;\n}\nbody .av-special-heading.av-av_heading-95e1853694b91b3c8c75c2bc84252b57 .av-special-heading-tag .heading-char{\nfont-size:25px;\n}\n.av-special-heading.av-av_heading-95e1853694b91b3c8c75c2bc84252b57 .av-subheading{\nfont-size:15px;\n}\n<\/style>\n<div  class='av-special-heading av-av_heading-95e1853694b91b3c8c75c2bc84252b57 av-special-heading-h4 blockquote modern-quote modern-centered  avia-builder-el-19  el_before_av_image  avia-builder-el-first  av-linked-heading'><h4 class='av-special-heading-tag'  >Shiatsu in the retirement centers Zug<\/h4><div class='av-subheading av-subheading_below'><p>JPG image 191.8 KB<\/p>\n<\/div><div class=\"special-heading-border\"><div class=\"special-heading-inner-border\"><\/div><\/div><\/div><br \/>\n\n<style type=\"text\/css\" data-created_by=\"avia_inline_auto\" id=\"style-css-av-12j0jyb-e4821ed71e0b06710d86fff4b003eb8f\">\n.avia-image-container.av-12j0jyb-e4821ed71e0b06710d86fff4b003eb8f img.avia_image{\nbox-shadow:none;\n}\n.avia-image-container.av-12j0jyb-e4821ed71e0b06710d86fff4b003eb8f .av-image-caption-overlay-center{\ncolor:#ffffff;\n}\n<\/style>\n<div  class='avia-image-container av-12j0jyb-e4821ed71e0b06710d86fff4b003eb8f av-styling- avia-align-center  avia-builder-el-20  el_after_av_heading  el_before_av_hr'  ><div class=\"avia-image-container-inner\"><div class=\"avia-image-overlay-wrap\"><img decoding=\"async\" fetchpriority=\"high\" class='wp-image-5128 avia-img-lazy-loading-not-5128 avia_image' src=\"https:\/\/shiatsu-tcm-holenstein.ch\/wp-content\/uploads\/2020\/03\/Download3-213x300.jpg\" alt='' title='Download3'  height=\"300\" width=\"213\" srcset=\"https:\/\/shiatsu-tcm-holenstein.ch\/wp-content\/uploads\/2020\/03\/Download3-213x300.jpg 213w, https:\/\/shiatsu-tcm-holenstein.ch\/wp-content\/uploads\/2020\/03\/Download3.jpg 450w\" sizes=\"(max-width: 213px) 100vw, 213px\" \/><\/div><\/div><\/div><br \/>\n\n<style type=\"text\/css\" data-created_by=\"avia_inline_auto\" id=\"style-css-av-k7w06jhl-1eb5b4180867be32e0246d6c5f7a23f1\">\n#top .hr.hr-invisible.av-k7w06jhl-1eb5b4180867be32e0246d6c5f7a23f1{\nheight:12px;\n}\n<\/style>\n<div  class='hr av-k7w06jhl-1eb5b4180867be32e0246d6c5f7a23f1 hr-invisible  avia-builder-el-21  el_after_av_image  el_before_av_button'><span class='hr-inner'><span class=\"hr-inner-style\"><\/span><\/span><\/div><br \/>\n<div  class='avia-button-wrap av-k1w246wi-15dbdc76b8e2cc927eae2a0725375a6f-wrap avia-button-center  avia-builder-el-22  el_after_av_hr  avia-builder-el-last'>\n<style type=\"text\/css\" data-created_by=\"avia_inline_auto\" id=\"style-css-av-k1w246wi-15dbdc76b8e2cc927eae2a0725375a6f\">\n#top #wrap_all .avia-button.av-k1w246wi-15dbdc76b8e2cc927eae2a0725375a6f{\nbackground-color:#45476f;\nborder-color:#45476f;\ncolor:#ffffff;\ntransition:all 0.4s ease-in-out;\n}\n#top #wrap_all .avia-button.av-k1w246wi-15dbdc76b8e2cc927eae2a0725375a6f .avia-svg-icon svg:first-child{\nfill:#ffffff;\nstroke:#ffffff;\n}\n<\/style>\n<a href='https:\/\/shiatsu-tcm-holenstein.ch\/wp-content\/uploads\/2020\/03\/Shiatsu-in-den-Alterszentren-Zug.jpeg.jpg'  class='avia-button av-k1w246wi-15dbdc76b8e2cc927eae2a0725375a6f av-link-btn avia-icon_select-yes-left-icon avia-size-small avia-position-center'  target=\"_blank\"  rel=\"noopener noreferrer\"  aria-label=\"Leaflet (JPG)\"><span class='avia_button_icon avia_button_icon_left avia-iconfont avia-font-entypo-fontello' data-av_icon='\ue82d' data-av_iconfont='entypo-fontello' ><\/span><span class='avia_iconbox_title' >Leaflet (JPG)<\/span><\/a><\/div><\/p><\/div>\n<style type=\"text\/css\" data-created_by=\"avia_inline_auto\" id=\"style-css-av-k1w21hqg-cec4ff181f05edf3759b3aa5d499bcc3\">\n.flex_column.av-k1w21hqg-cec4ff181f05edf3759b3aa5d499bcc3{\nborder-width:2px;\nborder-color:#ffffff;\nborder-style:solid;\nborder-radius:0px 0px 0px 0px;\npadding:3px 3px 18px 3px;\nbackground-color:#d1d1d1;\n}\n<\/style>\n<div  class='flex_column av-k1w21hqg-cec4ff181f05edf3759b3aa5d499bcc3 av_one_third  avia-builder-el-23  el_after_av_one_third  avia-builder-el-last  flex_column_div av-animated-generic left-to-right  column-top-margin'     ><p>\n<style type=\"text\/css\" data-created_by=\"avia_inline_auto\" id=\"style-css-av-av_heading-88eb856d6cfbd226c0f49311ce53ae60\">\n#top .av-special-heading.av-av_heading-88eb856d6cfbd226c0f49311ce53ae60{\nmargin:20px 0 20px 0;\npadding-bottom:10px;\n}\nbody .av-special-heading.av-av_heading-88eb856d6cfbd226c0f49311ce53ae60 .av-special-heading-tag .heading-char{\nfont-size:25px;\n}\n.av-special-heading.av-av_heading-88eb856d6cfbd226c0f49311ce53ae60 .av-subheading{\nfont-size:15px;\n}\n<\/style>\n<div  class='av-special-heading av-av_heading-88eb856d6cfbd226c0f49311ce53ae60 av-special-heading-h4 blockquote modern-quote modern-centered  avia-builder-el-24  el_before_av_image  avia-builder-el-first  av-linked-heading'><h4 class='av-special-heading-tag'  >Nutrition protocol from Thu.<\/h4><div class='av-subheading av-subheading_below'><p>Word document 103.3 KB<\/p>\n<\/div><div class=\"special-heading-border\"><div class=\"special-heading-inner-border\"><\/div><\/div><\/div><br \/>\n\n<style type=\"text\/css\" data-created_by=\"avia_inline_auto\" id=\"style-css-av-12j0jyb-14d6ffaab5c375ffa8c663adbc67e8ae\">\n.avia-image-container.av-12j0jyb-14d6ffaab5c375ffa8c663adbc67e8ae img.avia_image{\nbox-shadow:none;\n}\n.avia-image-container.av-12j0jyb-14d6ffaab5c375ffa8c663adbc67e8ae .av-image-caption-overlay-center{\ncolor:#ffffff;\n}\n<\/style>\n<div  class='avia-image-container av-12j0jyb-14d6ffaab5c375ffa8c663adbc67e8ae av-styling- avia-align-center  avia-builder-el-25  el_after_av_heading  el_before_av_hr'  ><div class=\"avia-image-container-inner\"><div class=\"avia-image-overlay-wrap\"><img decoding=\"async\" fetchpriority=\"high\" class='wp-image-5130 avia-img-lazy-loading-not-5130 avia_image' src=\"https:\/\/shiatsu-tcm-holenstein.ch\/wp-content\/uploads\/2020\/03\/Download1-213x300.jpg\" alt='' title='Download1'  height=\"300\" width=\"213\" srcset=\"https:\/\/shiatsu-tcm-holenstein.ch\/wp-content\/uploads\/2020\/03\/Download1-213x300.jpg 213w, https:\/\/shiatsu-tcm-holenstein.ch\/wp-content\/uploads\/2020\/03\/Download1.jpg 450w\" sizes=\"(max-width: 213px) 100vw, 213px\" \/><\/div><\/div><\/div><br \/>\n\n<style type=\"text\/css\" data-created_by=\"avia_inline_auto\" id=\"style-css-av-k7w06jhl-1eb5b4180867be32e0246d6c5f7a23f1\">\n#top .hr.hr-invisible.av-k7w06jhl-1eb5b4180867be32e0246d6c5f7a23f1{\nheight:12px;\n}\n<\/style>\n<div  class='hr av-k7w06jhl-1eb5b4180867be32e0246d6c5f7a23f1 hr-invisible  avia-builder-el-26  el_after_av_image  el_before_av_button'><span class='hr-inner'><span class=\"hr-inner-style\"><\/span><\/span><\/div><br \/>\n<div  class='avia-button-wrap av-k1w246wi-0a8594bc38ea53d0020704e41cd9cb3d-wrap avia-button-center  avia-builder-el-27  el_after_av_hr  avia-builder-el-last'>\n<style type=\"text\/css\" data-created_by=\"avia_inline_auto\" id=\"style-css-av-k1w246wi-0a8594bc38ea53d0020704e41cd9cb3d\">\n#top #wrap_all .avia-button.av-k1w246wi-0a8594bc38ea53d0020704e41cd9cb3d{\nbackground-color:#45476f;\nborder-color:#45476f;\ncolor:#ffffff;\ntransition:all 0.4s ease-in-out;\n}\n#top #wrap_all .avia-button.av-k1w246wi-0a8594bc38ea53d0020704e41cd9cb3d .avia-svg-icon svg:first-child{\nfill:#ffffff;\nstroke:#ffffff;\n}\n<\/style>\n<a href='https:\/\/shiatsu-tcm-holenstein.ch\/wp-content\/uploads\/2020\/03\/Ern\u00e4hrungsprotokoll-f\u00fcr-die-Woche-vom.docx'  class='avia-button av-k1w246wi-0a8594bc38ea53d0020704e41cd9cb3d av-link-btn avia-icon_select-yes-left-icon avia-size-small avia-position-center'  target=\"_blank\"  rel=\"noopener noreferrer\"  aria-label=\"Template (WORD)\"><span class='avia_button_icon avia_button_icon_left avia-iconfont avia-font-entypo-fontello' data-av_icon='\ue82d' data-av_iconfont='entypo-fontello' ><\/span><span class='avia_iconbox_title' >Template (WORD)<\/span><\/a><\/div><\/p><\/div><\/div><\/div><\/main><!-- close content main element --><\/div><\/div><div id='after_section_1'  class='main_color av_default_container_wrap container_wrap sidebar_left'  ><div class='container av-section-cont-open' ><div class='template-page content  av-content-small units'><div class='post-entry post-entry-type-page post-entry-3251'><div class='entry-content-wrapper clearfix'>","protected":false},"excerpt":{"rendered":"","protected":false},"author":1,"featured_media":0,"parent":0,"menu_order":0,"comment_status":"closed","ping_status":"closed","template":"","meta":{"_acf_changed":false,"_seopress_robots_primary_cat":"","_seopress_titles_title":"Downloads und n\u00fctzliches","_seopress_titles_desc":"Downloads und n\u00fctzliches aus der Praxis f\u00fcr Komplement\u00e4rtherapie in Zug","_seopress_robots_index":"","footnotes":""},"folder":[],"class_list":["post-3251","page","type-page","status-publish","hentry"],"acf":[],"_links":{"self":[{"href":"https:\/\/shiatsu-tcm-holenstein.ch\/en\/wp-json\/wp\/v2\/pages\/3251","targetHints":{"allow":["GET"]}}],"collection":[{"href":"https:\/\/shiatsu-tcm-holenstein.ch\/en\/wp-json\/wp\/v2\/pages"}],"about":[{"href":"https:\/\/shiatsu-tcm-holenstein.ch\/en\/wp-json\/wp\/v2\/types\/page"}],"author":[{"embeddable":true,"href":"https:\/\/shiatsu-tcm-holenstein.ch\/en\/wp-json\/wp\/v2\/users\/1"}],"replies":[{"embeddable":true,"href":"https:\/\/shiatsu-tcm-holenstein.ch\/en\/wp-json\/wp\/v2\/comments?post=3251"}],"version-history":[{"count":5,"href":"https:\/\/shiatsu-tcm-holenstein.ch\/en\/wp-json\/wp\/v2\/pages\/3251\/revisions"}],"predecessor-version":[{"id":13337,"href":"https:\/\/shiatsu-tcm-holenstein.ch\/en\/wp-json\/wp\/v2\/pages\/3251\/revisions\/13337"}],"wp:attachment":[{"href":"https:\/\/shiatsu-tcm-holenstein.ch\/en\/wp-json\/wp\/v2\/media?parent=3251"}],"wp:term":[{"taxonomy":"folder","embeddable":true,"href":"https:\/\/shiatsu-tcm-holenstein.ch\/en\/wp-json\/wp\/v2\/folder?post=3251"}],"curies":[{"name":"wp","href":"https:\/\/api.w.org\/{rel}","templated":true}]}}