{"id":5023,"date":"2020-03-11T14:54:43","date_gmt":"2020-03-11T13:54:43","guid":{"rendered":"https:\/\/shiatsu.aretis.ch\/r-e-s-e-t-kieferbalance-copy\/"},"modified":"2023-06-04T12:39:43","modified_gmt":"2023-06-04T10:39:43","slug":"schroepfen","status":"publish","type":"page","link":"https:\/\/shiatsu-tcm-holenstein.ch\/en\/schroepfen\/","title":{"rendered":"Cupping"},"content":{"rendered":"<div id='layer_slider_1'  class='avia-layerslider main_color avia-shadow  avia-builder-el-0  el_before_av_section  avia-builder-el-first  container_wrap sidebar_left'  style='height: 366px;'  ><\/div>\n<div id='av_section_1'  class='avia-section av-30xqkc4-c4fc280cdd9a136b8907f6c9fddc83ea alternate_color avia-section-large avia-no-border-styling  avia-builder-el-1  el_after_av_layerslider  el_before_av_section  avia-bg-style-scroll container_wrap sidebar_left'  ><div class='container av-section-cont-open' ><div class='template-page content  av-content-small units'><div class='post-entry post-entry-type-page post-entry-5023'><div class='entry-content-wrapper clearfix'>\n\n<style type=\"text\/css\" data-created_by=\"avia_inline_auto\" id=\"style-css-av-2zu9j1i-454e9250e6205df169766df22cc749bc\">\n.flex_column.av-2zu9j1i-454e9250e6205df169766df22cc749bc{\nborder-radius:0px 0px 0px 0px;\npadding:55px 0px 0px 0px;\n}\n<\/style>\n<div  class='flex_column av-2zu9j1i-454e9250e6205df169766df22cc749bc av_one_full  avia-builder-el-2  el_before_av_one_half  avia-builder-el-first  first flex_column_div av-animated-generic top-to-bottom'     ><p>\n<style type=\"text\/css\" data-created_by=\"avia_inline_auto\" id=\"style-css-av-2z89xb-235e12f921527b40944c6f500adcf6e1\">\n#top .av-special-heading.av-2z89xb-235e12f921527b40944c6f500adcf6e1{\npadding-bottom:30px;\n}\nbody .av-special-heading.av-2z89xb-235e12f921527b40944c6f500adcf6e1 .av-special-heading-tag .heading-char{\nfont-size:25px;\n}\n.av-special-heading.av-2z89xb-235e12f921527b40944c6f500adcf6e1 .av-subheading{\nfont-size:30px;\n}\n<\/style>\n<div  class='av-special-heading av-2z89xb-235e12f921527b40944c6f500adcf6e1 av-special-heading-h1 blockquote modern-quote modern-centered  avia-builder-el-3  el_before_av_hr  avia-builder-el-first'><h1 class='av-special-heading-tag'  >Cupping against pain<\/h1><div class='av-subheading av-subheading_below'><p>Cupping therapy is a method of elimination<\/p>\n<\/div><div class=\"special-heading-border\"><div class=\"special-heading-inner-border\"><\/div><\/div><\/div><br \/>\n\n<style type=\"text\/css\" data-created_by=\"avia_inline_auto\" id=\"style-css-av-2x50ddi-06635a4f9afd98077aebc98c73933eff\">\n#top .hr.av-2x50ddi-06635a4f9afd98077aebc98c73933eff{\nmargin-top:30px;\nmargin-bottom:30px;\n}\n.hr.av-2x50ddi-06635a4f9afd98077aebc98c73933eff .hr-inner{\nwidth:150px;\nborder-color:#6d6d6d;\nmax-width:45%;\n}\n.hr.av-2x50ddi-06635a4f9afd98077aebc98c73933eff .av-seperator-icon{\ncolor:#6d6d6d;\n}\n.hr.av-2x50ddi-06635a4f9afd98077aebc98c73933eff .av-seperator-icon.avia-svg-icon svg:first-child{\nfill:#6d6d6d;\nstroke:#6d6d6d;\n}\n<\/style>\n<div  class='hr av-2x50ddi-06635a4f9afd98077aebc98c73933eff hr-custom  avia-builder-el-4  el_after_av_heading  avia-builder-el-last  hr-center hr-icon-yes'><span class='hr-inner inner-border-av-border-thin'><span class=\"hr-inner-style\"><\/span><\/span><span class='av-seperator-icon avia-iconfont avia-font-fontello' data-av_icon='\ue800' data-av_iconfont='fontello' ><\/span><span class='hr-inner inner-border-av-border-thin'><span class=\"hr-inner-style\"><\/span><\/span><\/div><\/p><\/div>\n<style type=\"text\/css\" data-created_by=\"avia_inline_auto\" id=\"style-css-av-2vsv1kk-fa9912c4e01586e86b443088a6c262e5\">\n.flex_column.av-2vsv1kk-fa9912c4e01586e86b443088a6c262e5{\nborder-radius:0px 0px 0px 0px;\npadding:45px 0px 0px 0px;\n}\n<\/style>\n<div  class='flex_column av-2vsv1kk-fa9912c4e01586e86b443088a6c262e5 av_one_half  avia-builder-el-5  el_after_av_one_full  el_before_av_one_half  first av-break-at-tablet flex_column_div av-animated-generic left-to-right  column-top-margin'     ><style type=\"text\/css\" data-created_by=\"avia_inline_auto\" id=\"style-css-av-k84kyxcp-1d1cf2ba4790ee27c8d6d6cc66791afd\">\n.avia-image-container.av-k84kyxcp-1d1cf2ba4790ee27c8d6d6cc66791afd img.avia_image{\nbox-shadow:none;\n}\n.avia-image-container.av-k84kyxcp-1d1cf2ba4790ee27c8d6d6cc66791afd .av-image-caption-overlay-center{\ncolor:#ffffff;\n}\n<\/style>\n<div  class='avia-image-container av-k84kyxcp-1d1cf2ba4790ee27c8d6d6cc66791afd av-styling- avia_animated_image av-animated-when-visible-95 left-to-right avia-align-center  avia-builder-el-6  avia-builder-el-no-sibling'  ><div class=\"avia-image-container-inner\"><div class=\"avia-image-overlay-wrap\"><img decoding=\"async\" fetchpriority=\"high\" class='wp-image-12934 avia-img-lazy-loading-not-12934 avia_image' src=\"https:\/\/shiatsu-tcm-holenstein.ch\/wp-content\/uploads\/2020\/03\/schroepfen-1.jpg\" alt='' title='Woman relaxing during cupping massage'  height=\"613\" width=\"566\" srcset=\"https:\/\/shiatsu-tcm-holenstein.ch\/wp-content\/uploads\/2020\/03\/schroepfen-1.jpg 566w, https:\/\/shiatsu-tcm-holenstein.ch\/wp-content\/uploads\/2020\/03\/schroepfen-1-277x300.jpg 277w\" sizes=\"(max-width: 566px) 100vw, 566px\" \/><\/div><\/div><\/div><\/div>\n<style type=\"text\/css\" data-created_by=\"avia_inline_auto\" id=\"style-css-av-2rnio6s-d50e775357fe21eedbeb88a4e476d2e8\">\n.flex_column.av-2rnio6s-d50e775357fe21eedbeb88a4e476d2e8{\nborder-radius:0px 0px 0px 0px;\npadding:45px 0px 0px 0px;\n}\n<\/style>\n<div  class='flex_column av-2rnio6s-d50e775357fe21eedbeb88a4e476d2e8 av_one_half  avia-builder-el-7  el_after_av_one_half  avia-builder-el-last  av-break-at-tablet flex_column_div av-animated-generic right-to-left  column-top-margin'     ><p>\n<style type=\"text\/css\" data-created_by=\"avia_inline_auto\" id=\"style-css-av-k8isdaf9-89fd4a582e7042f473b60c859307859a\">\n#top .av-special-heading.av-k8isdaf9-89fd4a582e7042f473b60c859307859a{\npadding-bottom:0;\n}\nbody .av-special-heading.av-k8isdaf9-89fd4a582e7042f473b60c859307859a .av-special-heading-tag .heading-char{\nfont-size:25px;\n}\n.av-special-heading.av-k8isdaf9-89fd4a582e7042f473b60c859307859a .av-subheading{\nfont-size:15px;\n}\n\n@media only screen and (max-width: 479px){ \n#top #wrap_all .av-special-heading.av-k8isdaf9-89fd4a582e7042f473b60c859307859a .av-special-heading-tag{\nfont-size:20px;\n}\n}\n<\/style>\n<div  class='av-special-heading av-k8isdaf9-89fd4a582e7042f473b60c859307859a av-special-heading-h3 blockquote modern-quote  avia-builder-el-8  el_before_av_hr  avia-builder-el-first'><h3 class='av-special-heading-tag'  >The cupping therapy<\/h3><div class=\"special-heading-border\"><div class=\"special-heading-inner-border\"><\/div><\/div><\/div><br \/>\n\n<style type=\"text\/css\" data-created_by=\"avia_inline_auto\" id=\"style-css-av-2x50ddi-be0b83c091da89b645c106d684a3456c\">\n#top .hr.av-2x50ddi-be0b83c091da89b645c106d684a3456c{\nmargin-top:30px;\nmargin-bottom:30px;\n}\n.hr.av-2x50ddi-be0b83c091da89b645c106d684a3456c .hr-inner{\nwidth:100px;\nborder-color:#6d6d6d;\n}\n<\/style>\n<div  class='hr av-2x50ddi-be0b83c091da89b645c106d684a3456c hr-custom  avia-builder-el-9  el_after_av_heading  el_before_av_textblock  hr-left hr-icon-no'><span class='hr-inner inner-border-av-border-thin'><span class=\"hr-inner-style\"><\/span><\/span><\/div><br \/>\n<section  class='av_textblock_section av-2oq3ntg-3fca2fd86497d352809e17b231df04b9'  ><div class='avia_textblock' ><p><strong><span class='av_dropcap1 av-av_dropcap1-3cd9da5fea0ef5fb27aee617571c39a3'>I<\/span><\/strong>n cupping therapy, negative pressure is created by means of a hollow body placed on the skin. There are nerve connections between the internal organs and the skin. Thus, the disturbance or imbalance of an organ can also show itself in the form of pain on the surface of the skin.<\/p>\n<blockquote>\n<p>By means of stimulation of the corresponding reflex zones or acupuncture points, cupping therapy can be used to influence the corresponding organ.<\/p>\n<\/blockquote>\n<p>Cupping therapy is an elimination method, waste products are increasingly eliminated and hardenings in the skin and subcutaneous tissue are loosened. Cupping is based on the stimulation of the body's own substances and strengthens the immune system. It is completely free of side effects. <strong><br \/>\n<\/strong><\/p>\n<\/div><\/section><\/p><\/div><\/div><\/div><\/div><!-- close content main div --><\/div><\/div>\n<style type=\"text\/css\" data-created_by=\"avia_inline_auto\" id=\"style-css-av-huoeq-5083aaaa9c280f6131717bdbca34c68f\">\n.avia-section.av-huoeq-5083aaaa9c280f6131717bdbca34c68f .av-parallax .av-parallax-inner{\nbackground-repeat:no-repeat;\nbackground-image:url(https:\/\/shiatsu-tcm-holenstein.ch\/wp-content\/uploads\/2020\/03\/Seerosen_Parallax.jpg);\nbackground-position:100% 100%;\nbackground-attachment:scroll;\n}\n.avia-section.av-huoeq-5083aaaa9c280f6131717bdbca34c68f .av-section-color-overlay{\nopacity:0.5;\nbackground-color:#000000;\n}\n<\/style>\n<div id='brotgenuss'  class='avia-section av-huoeq-5083aaaa9c280f6131717bdbca34c68f main_color avia-section-huge avia-shadow  avia-builder-el-11  el_after_av_section  el_before_av_section  av-parallax-section avia-bg-style-parallax av-section-color-overlay-active av-minimum-height av-minimum-height-50 av-height-50  container_wrap sidebar_left'  data-section-bg-repeat='no-repeat' data-av_minimum_height_pc='50' data-av_min_height_opt='50'><div class='av-parallax' data-avia-parallax-ratio='0.3' ><div class='av-parallax-inner main_color avia-full-stretch'><\/div><\/div><div class=\"av-section-color-overlay-wrap\"><div class=\"av-section-color-overlay\"><\/div><div class='container av-section-cont-open' ><div class='template-page content  av-content-small units'><div class='post-entry post-entry-type-page post-entry-5023'><div class='entry-content-wrapper clearfix'>\n\n<style type=\"text\/css\" data-created_by=\"avia_inline_auto\" id=\"style-css-av-gw9oa-8be90cd70ff926ccb1e31e39f89aa32a\">\n.flex_column.av-gw9oa-8be90cd70ff926ccb1e31e39f89aa32a{\nborder-radius:0px 0px 0px 0px;\npadding:0px 0px 0px 0px;\n}\n<\/style>\n<div  class='flex_column av-gw9oa-8be90cd70ff926ccb1e31e39f89aa32a av_one_full  avia-builder-el-12  avia-builder-el-no-sibling  first flex_column_div av-animated-generic pop-up av-zero-column-padding'     ><style type=\"text\/css\" data-created_by=\"avia_inline_auto\" id=\"style-css-av-k85wez63-4e2f614cb141bcd615aaefbfbfc6d687\">\n#top .av-special-heading.av-k85wez63-4e2f614cb141bcd615aaefbfbfc6d687{\npadding-bottom:10px;\ncolor:#ffffff;\n}\nbody .av-special-heading.av-k85wez63-4e2f614cb141bcd615aaefbfbfc6d687 .av-special-heading-tag .heading-char{\nfont-size:25px;\n}\n.av-special-heading.av-k85wez63-4e2f614cb141bcd615aaefbfbfc6d687 .special-heading-inner-border{\nborder-color:#ffffff;\n}\n.av-special-heading.av-k85wez63-4e2f614cb141bcd615aaefbfbfc6d687 .av-subheading{\nfont-size:27px;\n}\n<\/style>\n<div  class='av-special-heading av-k85wez63-4e2f614cb141bcd615aaefbfbfc6d687 av-special-heading-h2 custom-color-heading blockquote modern-quote modern-centered  avia-builder-el-13  avia-builder-el-no-sibling  av-thin-font av-linked-heading'><h2 class='av-special-heading-tag'  >Cupping against pain:<\/p>\n<p>Negative pressure stimulates the <strong>Life energy Qi<\/strong> an.<\/h2><div class=\"special-heading-border\"><div class=\"special-heading-inner-border\"><\/div><\/div><\/div><\/div><\/div><\/div><\/div><!-- close content main div --><\/div><\/div><\/div><div id='av_section_3'  class='avia-section av-sis148-623ba12ed8fb4710738266e075a93146 main_color avia-section-large avia-shadow  avia-builder-el-14  el_after_av_section  avia-builder-el-last  avia-bg-style-scroll container_wrap sidebar_left'  ><div class='container av-section-cont-open' ><div class='template-page content  av-content-small units'><div class='post-entry post-entry-type-page post-entry-5023'><div class='entry-content-wrapper clearfix'>\n\n<style type=\"text\/css\" data-created_by=\"avia_inline_auto\" id=\"style-css-av-rw2zjc-3c19a0e3fbd9c3d4b00594e5fbb2d330\">\n.flex_column.av-rw2zjc-3c19a0e3fbd9c3d4b00594e5fbb2d330{\nborder-radius:0px 0px 0px 0px;\npadding:0px 0px 0px 0px;\n}\n<\/style>\n<div  class='flex_column av-rw2zjc-3c19a0e3fbd9c3d4b00594e5fbb2d330 av_two_third  avia-builder-el-15  el_before_av_one_third  avia-builder-el-first  first flex_column_div av-zero-column-padding'     ><p>\n<style type=\"text\/css\" data-created_by=\"avia_inline_auto\" id=\"style-css-av-k7ne779b-3ef6e0087522ab37bfc180d9b9f8bd3b\">\n#top .av-special-heading.av-k7ne779b-3ef6e0087522ab37bfc180d9b9f8bd3b{\npadding-bottom:10px;\n}\nbody .av-special-heading.av-k7ne779b-3ef6e0087522ab37bfc180d9b9f8bd3b .av-special-heading-tag .heading-char{\nfont-size:25px;\n}\n.av-special-heading.av-k7ne779b-3ef6e0087522ab37bfc180d9b9f8bd3b .av-subheading{\nfont-size:20px;\n}\n<\/style>\n<div  class='av-special-heading av-k7ne779b-3ef6e0087522ab37bfc180d9b9f8bd3b av-special-heading-h2 blockquote modern-quote  avia-builder-el-16  el_before_av_progress  avia-builder-el-first'><h2 class='av-special-heading-tag'  >Areas of action of cupping therapy<\/h2><div class=\"special-heading-border\"><div class=\"special-heading-inner-border\"><\/div><\/div><\/div><br \/>\n\n<style type=\"text\/css\" data-created_by=\"avia_inline_auto\" id=\"style-css-av-m0voeg-9c7b813492aa0a49736f8be514567102\">\n.avia-progress-bar-container.av-m0voeg-9c7b813492aa0a49736f8be514567102 .progress{\nheight:30px;\n}\n<\/style>\n\n<style type=\"text\/css\" data-created_by=\"avia_inline_auto\" id=\"style-css-sub-av-m0voeg-9c7b813492aa0a49736f8be514567102\">\n#top .avia-progress-bar-container .avia-progress-bar.av-aztajz-d991734ad910c01d058b0de053e9b6ca .bar{\nwidth:100%;\n}\n#top .avia-progress-bar-container .avia-progress-bar.av-8z11un-a3633845e9da5316237282a030e5c370 .bar{\nwidth:100%;\nbackground:#555;\n}\n#top .avia-progress-bar-container .avia-progress-bar.av-7i8z2n-9d50765005de09d6833b10e5f2e2f184 .bar{\nwidth:100%;\n}\n#top .avia-progress-bar-container .avia-progress-bar.av-61kbr3-00431da28f787a722b4f9edcc992266b .bar{\nwidth:100%;\nbackground:#555;\n}\n#top .avia-progress-bar-container .avia-progress-bar.av-3malwf-3d6d858fa7292bc79afd4c3920323d8a .bar{\nwidth:100%;\n}\n#top .avia-progress-bar-container .avia-progress-bar.av-2aehzz-72e79519b3b04075a10f693f598802f2 .bar{\nwidth:100%;\nbackground:#555;\n}\n<\/style>\n<div  class='avia-progress-bar-container av-m0voeg-9c7b813492aa0a49736f8be514567102 av-flat-bar av-animated-bar av-small-bar avia_animate_when_almost_visible  avia-builder-el-17  el_after_av_heading  avia-builder-el-last'><div class='avia-progress-bar av-aztajz-d991734ad910c01d058b0de053e9b6ca icon-bar-yes theme-color-bar theme-color-bar icon-bar-yes'><div class=\"progressbar-title-wrap\"><div class=\"progressbar-icon\"><span class='progressbar-char avia-iconfont avia-font-fontello' data-av_icon='\ue800' data-av_iconfont='fontello' ><\/span><\/div><div class='progressbar-title'> Skin: increase blood circulation, detoxification <\/div><\/div><div class=\"progress\"><div class=\"bar-outer\"><div class='bar' data-progress='100'><\/div><\/div><\/div><\/div><div class='avia-progress-bar av-8z11un-a3633845e9da5316237282a030e5c370 icon-bar-yes grey-bar icon-bar-yes'><div class=\"progressbar-title-wrap\"><div class=\"progressbar-icon\"><span class='progressbar-char avia-iconfont avia-font-fontello' data-av_icon='\ue800' data-av_iconfont='fontello' ><\/span><\/div><div class='progressbar-title'>Muscles: Releasing congestion and cramps <\/div><\/div><div class=\"progress\"><div class=\"bar-outer\"><div class='bar' data-progress='100'><\/div><\/div><\/div><\/div><div class='avia-progress-bar av-7i8z2n-9d50765005de09d6833b10e5f2e2f184 icon-bar-yes theme-color-bar theme-color-bar icon-bar-yes'><div class=\"progressbar-title-wrap\"><div class=\"progressbar-icon\"><span class='progressbar-char avia-iconfont avia-font-fontello' data-av_icon='\ue800' data-av_iconfont='fontello' ><\/span><\/div><div class='progressbar-title'>Joints: Better blood circulation, very good for rheumatoid arthritis. <\/div><\/div><div class=\"progress\"><div class=\"bar-outer\"><div class='bar' data-progress='100'><\/div><\/div><\/div><\/div><div class='avia-progress-bar av-61kbr3-00431da28f787a722b4f9edcc992266b icon-bar-yes grey-bar icon-bar-yes'><div class=\"progressbar-title-wrap\"><div class=\"progressbar-icon\"><span class='progressbar-char avia-iconfont avia-font-fontello' data-av_icon='\ue800' data-av_iconfont='fontello' ><\/span><\/div><div class='progressbar-title'>Digestive organs: stimulation of peristalsis and secretion of digestive juices. <\/div><\/div><div class=\"progress\"><div class=\"bar-outer\"><div class='bar' data-progress='100'><\/div><\/div><\/div><\/div><div class='avia-progress-bar av-3malwf-3d6d858fa7292bc79afd4c3920323d8a icon-bar-yes theme-color-bar theme-color-bar icon-bar-yes'><div class=\"progressbar-title-wrap\"><div class=\"progressbar-icon\"><span class='progressbar-char avia-iconfont avia-font-fontello' data-av_icon='\ue800' data-av_iconfont='fontello' ><\/span><\/div><div class='progressbar-title'>Blood circulation: Blood flow in arteries and veins is improved <\/div><\/div><div class=\"progress\"><div class=\"bar-outer\"><div class='bar' data-progress='100'><\/div><\/div><\/div><\/div><div class='avia-progress-bar av-2aehzz-72e79519b3b04075a10f693f598802f2 icon-bar-yes grey-bar icon-bar-yes'><div class=\"progressbar-title-wrap\"><div class=\"progressbar-icon\"><span class='progressbar-char avia-iconfont avia-font-fontello' data-av_icon='\ue800' data-av_iconfont='fontello' ><\/span><\/div><div class='progressbar-title'>Nervous system: stimulation of sensory nerves of the skin <\/div><\/div><div class=\"progress\"><div class=\"bar-outer\"><div class='bar' data-progress='100'><\/div><\/div><\/div><\/div><\/div><\/p><\/div>\n<style type=\"text\/css\" data-created_by=\"avia_inline_auto\" id=\"style-css-av-av_one_third-2ed197c572bce29bc101179479647744\">\n.flex_column.av-av_one_third-2ed197c572bce29bc101179479647744{\nborder-radius:0px 0px 0px 0px;\npadding:0px 0px 0px 0px;\n}\n<\/style>\n<div  class='flex_column av-av_one_third-2ed197c572bce29bc101179479647744 av_one_third  avia-builder-el-18  el_after_av_two_third  avia-builder-el-last  flex_column_div av-zero-column-padding'     ><p>\n<style type=\"text\/css\" data-created_by=\"avia_inline_auto\" id=\"style-css-av-av_heading-fec4f57b336253c1d10246921009b21a\">\n#top .av-special-heading.av-av_heading-fec4f57b336253c1d10246921009b21a{\npadding-bottom:10px;\n}\nbody .av-special-heading.av-av_heading-fec4f57b336253c1d10246921009b21a .av-special-heading-tag .heading-char{\nfont-size:25px;\n}\n.av-special-heading.av-av_heading-fec4f57b336253c1d10246921009b21a .av-subheading{\nfont-size:20px;\n}\n<\/style>\n<div  class='av-special-heading av-av_heading-fec4f57b336253c1d10246921009b21a av-special-heading-h2 blockquote modern-quote  avia-builder-el-19  el_before_av_textblock  avia-builder-el-first'><h2 class='av-special-heading-tag'  >Areas of action of cupping therapy<\/h2><div class=\"special-heading-border\"><div class=\"special-heading-inner-border\"><\/div><\/div><\/div><br \/>\n<section  class='av_textblock_section av-lihaivkd-f576d7716f0cc785238ee35a4d358be6'  ><div class='avia_textblock' ><p>I offer cupping as a therapist for all interested customers in the region of Zug, Baar, Cham, Menzingen, Unter\u00e4geri, Steinhausen and Neuheim. For this purpose, I place the cupping glasses with the opening on certain points of the skin. There, thanks to negative pressure in the glass, they are supposed to stimulate blood circulation and exert healing forces on the body.<\/p>\n<\/div><\/section><\/p><\/div><\/div><\/div><\/div><!-- close content main div --><\/div><\/div><div id='after_section_3'  class='main_color av_default_container_wrap container_wrap sidebar_left'  ><div class='container av-section-cont-open' ><div class='template-page content  av-content-small units'><div class='post-entry post-entry-type-page post-entry-5023'><div class='entry-content-wrapper clearfix'><\/p>","protected":false},"excerpt":{"rendered":"","protected":false},"author":1,"featured_media":0,"parent":0,"menu_order":3,"comment_status":"closed","ping_status":"closed","template":"","meta":{"_acf_changed":false,"_seopress_robots_primary_cat":"","_seopress_titles_title":"Schr\u00f6pftherapie bei Sylvia Holenstein in Zug","_seopress_titles_desc":"Die Schr\u00f6pftherapie ist ein Ausleitungsverfahren, Abfallstoffe werden vermehrt ausgeschieden und Verh\u00e4rtungen in Haut und im Unterhautgewebe werden gel\u00f6st. ","_seopress_robots_index":"","footnotes":""},"folder":[],"class_list":["post-5023","page","type-page","status-publish","hentry"],"acf":[],"_links":{"self":[{"href":"https:\/\/shiatsu-tcm-holenstein.ch\/en\/wp-json\/wp\/v2\/pages\/5023","targetHints":{"allow":["GET"]}}],"collection":[{"href":"https:\/\/shiatsu-tcm-holenstein.ch\/en\/wp-json\/wp\/v2\/pages"}],"about":[{"href":"https:\/\/shiatsu-tcm-holenstein.ch\/en\/wp-json\/wp\/v2\/types\/page"}],"author":[{"embeddable":true,"href":"https:\/\/shiatsu-tcm-holenstein.ch\/en\/wp-json\/wp\/v2\/users\/1"}],"replies":[{"embeddable":true,"href":"https:\/\/shiatsu-tcm-holenstein.ch\/en\/wp-json\/wp\/v2\/comments?post=5023"}],"version-history":[{"count":5,"href":"https:\/\/shiatsu-tcm-holenstein.ch\/en\/wp-json\/wp\/v2\/pages\/5023\/revisions"}],"predecessor-version":[{"id":13723,"href":"https:\/\/shiatsu-tcm-holenstein.ch\/en\/wp-json\/wp\/v2\/pages\/5023\/revisions\/13723"}],"wp:attachment":[{"href":"https:\/\/shiatsu-tcm-holenstein.ch\/en\/wp-json\/wp\/v2\/media?parent=5023"}],"wp:term":[{"taxonomy":"folder","embeddable":true,"href":"https:\/\/shiatsu-tcm-holenstein.ch\/en\/wp-json\/wp\/v2\/folder?post=5023"}],"curies":[{"name":"wp","href":"https:\/\/api.w.org\/{rel}","templated":true}]}}